{"id":2249,"date":"2020-12-08T16:17:50","date_gmt":"2020-12-08T16:17:50","guid":{"rendered":"https:\/\/trigana.si\/hr\/storitve\/"},"modified":"2021-08-23T10:47:39","modified_gmt":"2021-08-23T10:47:39","slug":"storitve","status":"publish","type":"page","link":"https:\/\/trigana.si\/hr\/storitve\/","title":{"rendered":"Na\u0161e usluge"},"content":{"rendered":"\t\t<div data-elementor-type=\"wp-page\" data-elementor-id=\"2249\" class=\"elementor elementor-2249\" data-elementor-settings=\"[]\">\n\t\t\t\t\t\t\t<div class=\"elementor-section-wrap\">\n\t\t\t\t\t\t\t<section class=\"elementor-section elementor-top-section elementor-element elementor-element-7451f52d elementor-section-boxed elementor-section-height-default elementor-section-height-default\" data-id=\"7451f52d\" data-element_type=\"section\">\n\t\t\t\t\t\t<div class=\"elementor-container elementor-column-gap-default\">\n\t\t\t\t\t<div class=\"elementor-column elementor-col-100 elementor-top-column elementor-element elementor-element-5267e8f3\" data-id=\"5267e8f3\" data-element_type=\"column\">\n\t\t\t<div class=\"elementor-widget-wrap elementor-element-populated\">\n\t\t\t\t\t\t\t\t<div class=\"elementor-element elementor-element-49a7626c elementor-grid-2 elementor-grid-tablet-2 elementor-grid-mobile-1 elementor-widget elementor-widget-gyan_services_full_text\" data-id=\"49a7626c\" data-element_type=\"widget\" data-settings=\"{&quot;columns&quot;:&quot;2&quot;,&quot;columns_tablet&quot;:&quot;2&quot;,&quot;columns_mobile&quot;:&quot;1&quot;}\" data-widget_type=\"gyan_services_full_text.default\">\n\t\t\t\t<div class=\"elementor-widget-container\">\n\t\t\t\n\t\t<div class=\"gyan-services-full-container gyan-services-full-container-49a7626c\" data-layout=\"grid\" data-rtl=\"false\">\n\n\t\t\t<div class=\"gyan-services-full-items gyan-elementor-grid\">\n\n\t\t\t\t\n\t\t\t\t\t<div class=\"gyan-service-full-item gyan-grid-item-wrap\">\n\t\t\t\t\t\t<div class=\"gyan-services-full gyan-grid-item gyan-ease-transition\">\n\t\t\t\t\t\t\t<div class=\"gyan-services-full-img\"><a href=\"https:\/\/trigana.si\/hr\/razsirjena-odgovornost-proizvajalcev-v-sloveniji\/\" class=\"gyan-service-full-link\"><img width=\"1010\" height=\"670\" src=\"https:\/\/trigana.si\/hr\/wp-content\/uploads\/2021\/08\/prosirena-odgovornost-slovenia.png\" class=\"attachment-full size-full\" alt=\"\" loading=\"lazy\" srcset=\"https:\/\/trigana.si\/hr\/wp-content\/uploads\/2021\/08\/prosirena-odgovornost-slovenia.png 1010w, https:\/\/trigana.si\/hr\/wp-content\/uploads\/2021\/08\/prosirena-odgovornost-slovenia-300x199.png 300w, https:\/\/trigana.si\/hr\/wp-content\/uploads\/2021\/08\/prosirena-odgovornost-slovenia-768x509.png 768w, https:\/\/trigana.si\/hr\/wp-content\/uploads\/2021\/08\/prosirena-odgovornost-slovenia-24x16.png 24w, https:\/\/trigana.si\/hr\/wp-content\/uploads\/2021\/08\/prosirena-odgovornost-slovenia-36x24.png 36w, https:\/\/trigana.si\/hr\/wp-content\/uploads\/2021\/08\/prosirena-odgovornost-slovenia-48x32.png 48w\" sizes=\"(max-width: 1010px) 100vw, 1010px\" \/><\/a><\/div><div class=\"gyan-services-full-content\"><div class=\"gyan-services-full-icon-wrap\"><div class=\"gyan-services-full-icon gyan-icon\"><\/div><\/div><div class=\"gyan-services-full-title-desc\"><h6 class=\"gyan-services-full-title\"><a href=\"https:\/\/trigana.si\/hr\/razsirjena-odgovornost-proizvajalcev-v-sloveniji\/\" class=\"gyan-service-full-link\"><\/a><\/h6><div class=\"gyan-services-full-desc\">Uredba o otpadnom elektri\u010dnom i elektroni\u010dkom opremom (Slu\u017ebeni glasnik Republike Slovenije, br. 55\/15), Uredba o upravljanju baterijama i akumulatorima te otpadnim baterijama i akumulatorima (Slu\u017ebeni glasnik Republike Slovenije, br. 3\/10), Uredba o gospodarenju otpadnim lijekovima (Slu\u017ebeni glasnik Republike Slovenije, br. 105\/08).<\/div><\/div><a href=\"https:\/\/trigana.si\/hr\/razsirjena-odgovornost-proizvajalcev-v-sloveniji\/\" class=\"gyan-service-full-link gyan-services-full-button gyan-ease-transition gyan-flex\"><span class=\"gyan-services-full-button-text\">Saznaj vi\u0161e<\/span><span class=\"gyan-services-full-button-arrow\"><\/span><\/a><\/div>\t\t\t\t\t\t<\/div>\n\t\t\t\t\t\t<div class=\"clear\"><\/div>\n\t\t\t\t\t<\/div>\n\n\t\t\t\t \n\t\t\t\t\t<div class=\"gyan-service-full-item gyan-grid-item-wrap\">\n\t\t\t\t\t\t<div class=\"gyan-services-full gyan-grid-item gyan-ease-transition\">\n\t\t\t\t\t\t\t<div class=\"gyan-services-full-img\"><a href=\"https:\/\/trigana.si\/hr\/razsirjena-odgovornost-proizvajalcev-v-drzavah-eu-in-regiji-zahodnega-balkana\/\" class=\"gyan-service-full-link\"><img width=\"1010\" height=\"670\" src=\"https:\/\/trigana.si\/hr\/wp-content\/uploads\/2021\/08\/prosirena-odgovornost.png\" class=\"attachment-full size-full\" alt=\"\" loading=\"lazy\" srcset=\"https:\/\/trigana.si\/hr\/wp-content\/uploads\/2021\/08\/prosirena-odgovornost.png 1010w, https:\/\/trigana.si\/hr\/wp-content\/uploads\/2021\/08\/prosirena-odgovornost-300x199.png 300w, https:\/\/trigana.si\/hr\/wp-content\/uploads\/2021\/08\/prosirena-odgovornost-768x509.png 768w, https:\/\/trigana.si\/hr\/wp-content\/uploads\/2021\/08\/prosirena-odgovornost-24x16.png 24w, https:\/\/trigana.si\/hr\/wp-content\/uploads\/2021\/08\/prosirena-odgovornost-36x24.png 36w, https:\/\/trigana.si\/hr\/wp-content\/uploads\/2021\/08\/prosirena-odgovornost-48x32.png 48w\" sizes=\"(max-width: 1010px) 100vw, 1010px\" \/><\/a><\/div><div class=\"gyan-services-full-content\"><div class=\"gyan-services-full-icon-wrap\"><div class=\"gyan-services-full-icon gyan-icon\"><\/div><\/div><div class=\"gyan-services-full-title-desc\"><h6 class=\"gyan-services-full-title\"><a href=\"https:\/\/trigana.si\/hr\/razsirjena-odgovornost-proizvajalcev-v-drzavah-eu-in-regiji-zahodnega-balkana\/\" class=\"gyan-service-full-link\"><\/a><\/h6><div class=\"gyan-services-full-desc\">Direktiva 2012\/19 \/EU o otpadnoj elektri\u010dnoj i elektroni\u010dkoj opremi (OEEO), Direktiva 2006\/66 \/EU o baterijama i akumulatorima te o otpadnim baterijama i akumulatorima, Direktiva 94\/62 \/EU o ambala\u017ei i ambala\u017enom otpadu.\n<br><br><br><\/div><\/div><a href=\"https:\/\/trigana.si\/hr\/razsirjena-odgovornost-proizvajalcev-v-drzavah-eu-in-regiji-zahodnega-balkana\/\" class=\"gyan-service-full-link gyan-services-full-button gyan-ease-transition gyan-flex\"><span class=\"gyan-services-full-button-text\">Saznaj vi\u0161e<\/span><span class=\"gyan-services-full-button-arrow\"><\/span><\/a><\/div>\t\t\t\t\t\t<\/div>\n\t\t\t\t\t\t<div class=\"clear\"><\/div>\n\t\t\t\t\t<\/div>\n\n\t\t\t\t \n\t\t\t\t\t<div class=\"gyan-service-full-item gyan-grid-item-wrap\">\n\t\t\t\t\t\t<div class=\"gyan-services-full gyan-grid-item gyan-ease-transition\">\n\t\t\t\t\t\t\t<div class=\"gyan-services-full-img\"><a href=\"https:\/\/trigana.si\/hr\/reciklaza-ali-odstranjevanje-industrijskih-odpadkov\/\" class=\"gyan-service-full-link\"><img width=\"1010\" height=\"670\" src=\"https:\/\/trigana.si\/hr\/wp-content\/uploads\/2021\/08\/recikliranje.png\" class=\"attachment-full size-full\" alt=\"\" loading=\"lazy\" srcset=\"https:\/\/trigana.si\/hr\/wp-content\/uploads\/2021\/08\/recikliranje.png 1010w, https:\/\/trigana.si\/hr\/wp-content\/uploads\/2021\/08\/recikliranje-300x199.png 300w, https:\/\/trigana.si\/hr\/wp-content\/uploads\/2021\/08\/recikliranje-768x509.png 768w, https:\/\/trigana.si\/hr\/wp-content\/uploads\/2021\/08\/recikliranje-24x16.png 24w, https:\/\/trigana.si\/hr\/wp-content\/uploads\/2021\/08\/recikliranje-36x24.png 36w, https:\/\/trigana.si\/hr\/wp-content\/uploads\/2021\/08\/recikliranje-48x32.png 48w\" sizes=\"(max-width: 1010px) 100vw, 1010px\" \/><\/a><\/div><div class=\"gyan-services-full-content\"><div class=\"gyan-services-full-icon-wrap\"><div class=\"gyan-services-full-icon gyan-icon\"><\/div><\/div><div class=\"gyan-services-full-title-desc\"><h6 class=\"gyan-services-full-title\"><a href=\"https:\/\/trigana.si\/hr\/reciklaza-ali-odstranjevanje-industrijskih-odpadkov\/\" class=\"gyan-service-full-link\"><\/a><\/h6><div class=\"gyan-services-full-desc\">Uredba o provedbi Uredbe (EZ) 1013\/2016 o po\u0161iljkama otpada (Slu\u017ebeni glasnik Republike Slovenije, br. 78\/16), Zakon o potvr\u0111ivanju Bazelske konvencije o kontroli prekograni\u010dnog kretanja opasnog otpada i njihovih Zbrinjavanje (Me\u0111unarodni ugovor br. 15\/93).\n<br><br><\/div><\/div><a href=\"https:\/\/trigana.si\/hr\/reciklaza-ali-odstranjevanje-industrijskih-odpadkov\/\" class=\"gyan-service-full-link gyan-services-full-button gyan-ease-transition gyan-flex\"><span class=\"gyan-services-full-button-text\">Saznaj vi\u0161e<\/span><span class=\"gyan-services-full-button-arrow\"><\/span><\/a><\/div>\t\t\t\t\t\t<\/div>\n\t\t\t\t\t\t<div class=\"clear\"><\/div>\n\t\t\t\t\t<\/div>\n\n\t\t\t\t \n\t\t\t\t\t<div class=\"gyan-service-full-item gyan-grid-item-wrap\">\n\t\t\t\t\t\t<div class=\"gyan-services-full gyan-grid-item gyan-ease-transition\">\n\t\t\t\t\t\t\t<div class=\"gyan-services-full-img\"><a href=\"https:\/\/trigana.si\/hr\/svetovalne-storitve-in-izdelava-studij\/\" class=\"gyan-service-full-link\"><img width=\"1010\" height=\"670\" src=\"https:\/\/trigana.si\/hr\/wp-content\/uploads\/2021\/08\/usluge.png\" class=\"attachment-full size-full\" alt=\"\" loading=\"lazy\" srcset=\"https:\/\/trigana.si\/hr\/wp-content\/uploads\/2021\/08\/usluge.png 1010w, https:\/\/trigana.si\/hr\/wp-content\/uploads\/2021\/08\/usluge-300x199.png 300w, https:\/\/trigana.si\/hr\/wp-content\/uploads\/2021\/08\/usluge-768x509.png 768w, https:\/\/trigana.si\/hr\/wp-content\/uploads\/2021\/08\/usluge-24x16.png 24w, https:\/\/trigana.si\/hr\/wp-content\/uploads\/2021\/08\/usluge-36x24.png 36w, https:\/\/trigana.si\/hr\/wp-content\/uploads\/2021\/08\/usluge-48x32.png 48w\" sizes=\"(max-width: 1010px) 100vw, 1010px\" \/><\/a><\/div><div class=\"gyan-services-full-content\"><div class=\"gyan-services-full-icon-wrap\"><div class=\"gyan-services-full-icon gyan-icon\"><\/div><\/div><div class=\"gyan-services-full-title-desc\"><h6 class=\"gyan-services-full-title\"><a href=\"https:\/\/trigana.si\/hr\/svetovalne-storitve-in-izdelava-studij\/\" class=\"gyan-service-full-link\"><\/a><\/h6><div class=\"gyan-services-full-desc\">Zakon o za\u0161titi okoli\u0161a (Slu\u017ebeni glasnik Republike Slovenije, br. 39\/06), Uredba o otpadu (Slu\u017ebeni glasnik Republike Slovenije, br. 37\/15), Program gospodarenja otpadom i Program prevencije otpada Republike Slovenije (Br. 35402- 1\/2016\/6).<\/div><\/div><a href=\"https:\/\/trigana.si\/hr\/svetovalne-storitve-in-izdelava-studij\/\" class=\"gyan-service-full-link gyan-services-full-button gyan-ease-transition gyan-flex\"><span class=\"gyan-services-full-button-text\">Saznaj vi\u0161e<\/span><span class=\"gyan-services-full-button-arrow\"><\/span><\/a><\/div>\t\t\t\t\t\t<\/div>\n\t\t\t\t\t\t<div class=\"clear\"><\/div>\n\t\t\t\t\t<\/div>\n\n\t\t\t\t \n\t\t\t <\/div> <!-- gyan-services-full-items -->\n\t\t\t <div class=\"clear\"><\/div>\n\n\t\t<\/div>\n\n\t\t\t<\/div>\n\t\t\t\t<\/div>\n\t\t\t\t\t<\/div>\n\t\t<\/div>\n\t\t\t\t\t\t\t<\/div>\n\t\t<\/section>\n\t\t\t\t<section class=\"elementor-section elementor-top-section elementor-element elementor-element-34488fd elementor-section-boxed elementor-section-height-default elementor-section-height-default\" data-id=\"34488fd\" data-element_type=\"section\">\n\t\t\t\t\t\t<div class=\"elementor-container elementor-column-gap-default\">\n\t\t\t\t\t<div class=\"elementor-column elementor-col-100 elementor-top-column elementor-element elementor-element-4d7cc66\" data-id=\"4d7cc66\" data-element_type=\"column\">\n\t\t\t<div class=\"elementor-widget-wrap elementor-element-populated\">\n\t\t\t\t\t\t\t\t<div class=\"elementor-element elementor-element-9bd03dc elementor-widget elementor-widget-heading\" data-id=\"9bd03dc\" data-element_type=\"widget\" data-widget_type=\"heading.default\">\n\t\t\t\t<div class=\"elementor-widget-container\">\n\t\t\t<h2 class=\"elementor-heading-title elementor-size-default\">Cjelovito rje\u0161enje na klju\u010d - u tri jednostavna koraka! <\/h2>\t\t<\/div>\n\t\t\t\t<\/div>\n\t\t\t\t\t<\/div>\n\t\t<\/div>\n\t\t\t\t\t\t\t<\/div>\n\t\t<\/section>\n\t\t\t\t<section class=\"elementor-section elementor-top-section elementor-element elementor-element-fb14cb2 elementor-section-stretched elementor-section-boxed elementor-section-height-default elementor-section-height-default\" data-id=\"fb14cb2\" data-element_type=\"section\" data-settings=\"{&quot;stretch_section&quot;:&quot;section-stretched&quot;}\">\n\t\t\t\t\t\t<div class=\"elementor-container elementor-column-gap-no\">\n\t\t\t\t\t<div class=\"elementor-column elementor-col-100 elementor-top-column elementor-element elementor-element-c1d2df9\" data-id=\"c1d2df9\" data-element_type=\"column\">\n\t\t\t<div class=\"elementor-widget-wrap elementor-element-populated\">\n\t\t\t\t\t\t\t\t<div class=\"elementor-element elementor-element-c477b9f gyan-service-list-icon-top gyan-service-list-icon-horizontal-center gyan-service-list-stack-mobile elementor-widget elementor-widget-gyan_service_list\" data-id=\"c477b9f\" data-element_type=\"widget\" data-widget_type=\"gyan_service_list.default\">\n\t\t\t\t<div class=\"elementor-widget-container\">\n\t\t\t        <div class=\"gyan-service-list-container gyan-service-list-connector gyan-service-list-corners-hide\">\n            <ul class=\"gyan-list-items\">\n                                                            <li class=\"gyan-service-list-item\">\n                            <div class=\"gyan-service-list-item-inner elementor-repeater-item-2cf2d5b\">\n                                                                <div class=\"gyan-servicelist-icon-outer\">\n                                        <div class=\"gyan-servicelist-icon-wrapper gyan-ease-transition\">\n\n                                            <span class=\"gyan-service-list-image\"><img width=\"60\" height=\"60\" src=\"https:\/\/trigana.si\/hr\/wp-content\/uploads\/2020\/02\/icon-process.png\" class=\"attachment-full size-full\" alt=\"icon-process\" loading=\"lazy\" \/><\/span>                                        <\/div>\n                                    <\/div>\n\n                                                                <div class=\"gyan-servicelist-content-wrapper\">\n                                                                <h3 class=\"gyan-service-list-title\">\n                                                                            <span>01.<\/span>Konzultacije                                                                    <\/h3>\n                                <div class=\"gyan-service-list-description\">Kontaktirajte nas ili nas nazovite i zaka\u017eite sastanak.<\/div>                                                                                            <\/div>\n                            <\/div>\n                        <\/li>\n                                                                                <li class=\"gyan-service-list-item\">\n                            <div class=\"gyan-service-list-item-inner elementor-repeater-item-c935627\">\n                                                                <div class=\"gyan-servicelist-icon-outer\">\n                                        <div class=\"gyan-servicelist-icon-wrapper gyan-ease-transition\">\n\n                                            <span class=\"gyan-service-list-image\"><img width=\"52\" height=\"52\" src=\"https:\/\/trigana.si\/hr\/wp-content\/uploads\/2020\/02\/icon-artist5.png\" class=\"attachment-full size-full\" alt=\"icon-artist5\" loading=\"lazy\" \/><\/span>                                        <\/div>\n                                    <\/div>\n\n                                                                <div class=\"gyan-servicelist-content-wrapper\">\n                                                                <h3 class=\"gyan-service-list-title\">\n                                                                            <span>02.<\/span>Plan                                                                    <\/h3>\n                                <div class=\"gyan-service-list-description\">Analiziramo va\u0161e potrebe i obveze te predla\u017eemo optimalna rje\u0161enja.<\/div>                                                                                            <\/div>\n                            <\/div>\n                        <\/li>\n                                                                                <li class=\"gyan-service-list-item\">\n                            <div class=\"gyan-service-list-item-inner elementor-repeater-item-b0af6ca\">\n                                                                <div class=\"gyan-servicelist-icon-outer\">\n                                        <div class=\"gyan-servicelist-icon-wrapper gyan-ease-transition\">\n\n                                            <span class=\"gyan-service-list-image\"><img width=\"50\" height=\"50\" src=\"https:\/\/trigana.si\/hr\/wp-content\/uploads\/2021\/05\/delavci.png\" class=\"attachment-full size-full\" alt=\"delavci\" loading=\"lazy\" \/><\/span>                                        <\/div>\n                                    <\/div>\n\n                                                                <div class=\"gyan-servicelist-content-wrapper\">\n                                                                <h3 class=\"gyan-service-list-title\">\n                                                                            <span>03.<\/span>Izvo\u0111enje                                                                    <\/h3>\n                                <div class=\"gyan-service-list-description\">Osiguravamo uskla\u0111enost sa zakonodavstvom i financijsko u\u010dinkovitu provedbu. U\u0161tedjet \u0107ete vrijeme i brige.<\/div>                                                                                            <\/div>\n                            <\/div>\n                        <\/li>\n                                                <\/ul>\n        <\/div>\n        \t\t<\/div>\n\t\t\t\t<\/div>\n\t\t\t\t\t<\/div>\n\t\t<\/div>\n\t\t\t\t\t\t\t<\/div>\n\t\t<\/section>\n\t\t\t\t<section class=\"elementor-section elementor-top-section elementor-element elementor-element-6ed0b76 elementor-section-boxed elementor-section-height-default elementor-section-height-default\" data-id=\"6ed0b76\" data-element_type=\"section\">\n\t\t\t\t\t\t<div class=\"elementor-container elementor-column-gap-default\">\n\t\t\t\t\t<div class=\"elementor-column elementor-col-100 elementor-top-column elementor-element elementor-element-1ba5fcd\" data-id=\"1ba5fcd\" data-element_type=\"column\">\n\t\t\t<div class=\"elementor-widget-wrap elementor-element-populated\">\n\t\t\t\t\t\t\t\t<div class=\"elementor-element elementor-element-77689e0 elementor-align-center elementor-widget elementor-widget-button\" data-id=\"77689e0\" data-element_type=\"widget\" data-widget_type=\"button.default\">\n\t\t\t\t<div class=\"elementor-widget-container\">\n\t\t\t\t\t<div class=\"elementor-button-wrapper\">\n\t\t\t<a href=\"mailto:info@trigana.si\" target=\"_blank\" class=\"elementor-button-link elementor-button elementor-size-sm\" role=\"button\">\n\t\t\t\t\t\t<span class=\"elementor-button-content-wrapper\">\n\t\t\t\t\t\t<span class=\"elementor-button-text\">Pi\u0161ite nam<\/span>\n\t\t<\/span>\n\t\t\t\t\t<\/a>\n\t\t<\/div>\n\t\t\t\t<\/div>\n\t\t\t\t<\/div>\n\t\t\t\t\t<\/div>\n\t\t<\/div>\n\t\t\t\t\t\t\t<\/div>\n\t\t<\/section>\n\t\t\t\t\t\t<\/div>\n\t\t\t\t\t<\/div>\n\t\t","protected":false},"excerpt":{"rendered":"<p>Uredba o otpadnom elektri\u010dnom i elektroni\u010dkom opremom (Slu\u017ebeni glasnik Republike Slovenije, br. 55\/15), Uredba o upravljanju baterijama i akumulatorima te otpadnim baterijama i akumulatorima (Slu\u017ebeni glasnik Republike Slovenije, br. 3\/10), Uredba o gospodarenju otpadnim lijekovima (Slu\u017ebeni glasnik Republike Slovenije, br. 105\/08).Saznaj vi\u0161e Direktiva 2012\/19 \/EU o otpadnoj elektri\u010dnoj i elektroni\u010dkoj [&hellip;]<\/p>\n","protected":false},"author":1,"featured_media":0,"parent":0,"menu_order":0,"comment_status":"closed","ping_status":"closed","template":"","meta":[],"_links":{"self":[{"href":"https:\/\/trigana.si\/hr\/wp-json\/wp\/v2\/pages\/2249"}],"collection":[{"href":"https:\/\/trigana.si\/hr\/wp-json\/wp\/v2\/pages"}],"about":[{"href":"https:\/\/trigana.si\/hr\/wp-json\/wp\/v2\/types\/page"}],"author":[{"embeddable":true,"href":"https:\/\/trigana.si\/hr\/wp-json\/wp\/v2\/users\/1"}],"replies":[{"embeddable":true,"href":"https:\/\/trigana.si\/hr\/wp-json\/wp\/v2\/comments?post=2249"}],"version-history":[{"count":28,"href":"https:\/\/trigana.si\/hr\/wp-json\/wp\/v2\/pages\/2249\/revisions"}],"predecessor-version":[{"id":3519,"href":"https:\/\/trigana.si\/hr\/wp-json\/wp\/v2\/pages\/2249\/revisions\/3519"}],"wp:attachment":[{"href":"https:\/\/trigana.si\/hr\/wp-json\/wp\/v2\/media?parent=2249"}],"curies":[{"name":"wp","href":"https:\/\/api.w.org\/{rel}","templated":true}]}}