{"id":2064,"date":"2020-11-29T19:26:22","date_gmt":"2020-11-29T19:26:22","guid":{"rendered":"https:\/\/trigana.si\/hr\/svetovalne-storitve-in-izdelava-studij\/"},"modified":"2021-08-23T12:16:46","modified_gmt":"2021-08-23T12:16:46","slug":"svetovalne-storitve-in-izdelava-studij","status":"publish","type":"page","link":"https:\/\/trigana.si\/hr\/svetovalne-storitve-in-izdelava-studij\/","title":{"rendered":"Savjetodavne usluge i izrada studije"},"content":{"rendered":"\t\t<div data-elementor-type=\"wp-page\" data-elementor-id=\"2064\" class=\"elementor elementor-2064\" data-elementor-settings=\"[]\">\n\t\t\t\t\t\t\t<div class=\"elementor-section-wrap\">\n\t\t\t\t\t\t\t<section class=\"elementor-section elementor-top-section elementor-element elementor-element-7e1b9fe4 elementor-section-boxed elementor-section-height-default elementor-section-height-default\" data-id=\"7e1b9fe4\" data-element_type=\"section\">\n\t\t\t\t\t\t<div class=\"elementor-container elementor-column-gap-default\">\n\t\t\t\t\t<div class=\"elementor-column elementor-col-100 elementor-top-column elementor-element elementor-element-13c1fbe6\" data-id=\"13c1fbe6\" data-element_type=\"column\">\n\t\t\t<div class=\"elementor-widget-wrap elementor-element-populated\">\n\t\t\t\t\t\t\t\t<section class=\"elementor-section elementor-inner-section elementor-element elementor-element-537a8afd elementor-section-boxed elementor-section-height-default elementor-section-height-default\" data-id=\"537a8afd\" data-element_type=\"section\">\n\t\t\t\t\t\t<div class=\"elementor-container elementor-column-gap-default\">\n\t\t\t\t\t<div class=\"elementor-column elementor-col-50 elementor-inner-column elementor-element elementor-element-605127af\" data-id=\"605127af\" data-element_type=\"column\" data-settings=\"{&quot;background_background&quot;:&quot;classic&quot;}\">\n\t\t\t<div class=\"elementor-widget-wrap elementor-element-populated\">\n\t\t\t\t\t\t\t\t<div class=\"elementor-element elementor-element-fb1cc52 elementor-widget elementor-widget-text-editor\" data-id=\"fb1cc52\" data-element_type=\"widget\" data-widget_type=\"text-editor.default\">\n\t\t\t\t<div class=\"elementor-widget-container\">\n\t\t\t\t\t\t\t\t<h4 style=\"color: #fff;\">Va\u0161a odgovornost<\/h4><p>Gospodarenje otpadom zahtijeva ogromnu stru\u010dnost i puno vremena. Tvrtkama je potreban pristup informacijama kako bi se osigurala uskla\u0111enost sa zakonodavstvom o okoli\u0161u u Sloveniji, EU i zapadnom Balkanu.<\/p>\t\t\t\t\t\t<\/div>\n\t\t\t\t<\/div>\n\t\t\t\t\t<\/div>\n\t\t<\/div>\n\t\t\t\t<div class=\"elementor-column elementor-col-50 elementor-inner-column elementor-element elementor-element-72daff24\" data-id=\"72daff24\" data-element_type=\"column\" data-settings=\"{&quot;background_background&quot;:&quot;classic&quot;}\">\n\t\t\t<div class=\"elementor-widget-wrap elementor-element-populated\">\n\t\t\t\t\t\t\t\t<div class=\"elementor-element elementor-element-292d0066 elementor-widget elementor-widget-text-editor\" data-id=\"292d0066\" data-element_type=\"widget\" data-widget_type=\"text-editor.default\">\n\t\t\t\t<div class=\"elementor-widget-container\">\n\t\t\t\t\t\t\t\t<h4><strong>Na\u0161a briga<\/strong><\/h4><ul><li>Za vas pripremimo:<ul><li><p>godi\u0161nje izvje\u0161\u0107e o gospodarenju otpadom,<\/p><\/li><li><p>godi\u0161nje izvje\u0161\u0107e o nastalom ambala\u017enom otpadu,<\/p><\/li><li><p>plan gospodarenja otpadom.<\/p><\/li><\/ul><\/li><li>Uni\u0161timo arhivsku dokumentaciju.<\/li><li>Pripremamo kampanje za podizanje razine osvije\u0161tenosti.<\/li><li>Izra\u0111ujemo stru\u010dne studije.<\/li><\/ul>\t\t\t\t\t\t<\/div>\n\t\t\t\t<\/div>\n\t\t\t\t\t<\/div>\n\t\t<\/div>\n\t\t\t\t\t\t\t<\/div>\n\t\t<\/section>\n\t\t\t\t\t<\/div>\n\t\t<\/div>\n\t\t\t\t\t\t\t<\/div>\n\t\t<\/section>\n\t\t\t\t<section class=\"elementor-section elementor-top-section elementor-element elementor-element-430b0ee elementor-section-boxed elementor-section-height-default elementor-section-height-default\" data-id=\"430b0ee\" data-element_type=\"section\">\n\t\t\t\t\t\t<div class=\"elementor-container elementor-column-gap-default\">\n\t\t\t\t\t<div class=\"elementor-column elementor-col-100 elementor-top-column elementor-element elementor-element-8bfcb4a\" data-id=\"8bfcb4a\" data-element_type=\"column\">\n\t\t\t<div class=\"elementor-widget-wrap elementor-element-populated\">\n\t\t\t\t\t\t\t\t<div class=\"elementor-element elementor-element-aa8b5ec elementor-widget elementor-widget-heading\" data-id=\"aa8b5ec\" data-element_type=\"widget\" data-widget_type=\"heading.default\">\n\t\t\t\t<div class=\"elementor-widget-container\">\n\t\t\t<h2 class=\"elementor-heading-title elementor-size-default\">Cjelovito rje\u0161enje na klju\u010d - u tri jednostavna koraka! <\/h2>\t\t<\/div>\n\t\t\t\t<\/div>\n\t\t\t\t\t<\/div>\n\t\t<\/div>\n\t\t\t\t\t\t\t<\/div>\n\t\t<\/section>\n\t\t\t\t<section class=\"elementor-section elementor-top-section elementor-element elementor-element-fd9e67a elementor-section-stretched elementor-section-boxed elementor-section-height-default elementor-section-height-default\" data-id=\"fd9e67a\" data-element_type=\"section\" data-settings=\"{&quot;stretch_section&quot;:&quot;section-stretched&quot;}\">\n\t\t\t\t\t\t<div class=\"elementor-container elementor-column-gap-no\">\n\t\t\t\t\t<div class=\"elementor-column elementor-col-100 elementor-top-column elementor-element elementor-element-8a1507e\" data-id=\"8a1507e\" data-element_type=\"column\">\n\t\t\t<div class=\"elementor-widget-wrap elementor-element-populated\">\n\t\t\t\t\t\t\t\t<div class=\"elementor-element elementor-element-4078a06 gyan-service-list-icon-top gyan-service-list-icon-horizontal-center gyan-service-list-stack-mobile elementor-widget elementor-widget-gyan_service_list\" data-id=\"4078a06\" data-element_type=\"widget\" data-widget_type=\"gyan_service_list.default\">\n\t\t\t\t<div class=\"elementor-widget-container\">\n\t\t\t        <div class=\"gyan-service-list-container gyan-service-list-connector gyan-service-list-corners-hide\">\n            <ul class=\"gyan-list-items\">\n                                                            <li class=\"gyan-service-list-item\">\n                            <div class=\"gyan-service-list-item-inner elementor-repeater-item-2cf2d5b\">\n                                                                <div class=\"gyan-servicelist-icon-outer\">\n                                        <div class=\"gyan-servicelist-icon-wrapper gyan-ease-transition\">\n\n                                            <span class=\"gyan-service-list-image\"><img width=\"60\" height=\"60\" src=\"https:\/\/trigana.si\/hr\/wp-content\/uploads\/2020\/02\/icon-process.png\" class=\"attachment-full size-full\" alt=\"icon-process\" loading=\"lazy\" \/><\/span>                                        <\/div>\n                                    <\/div>\n\n                                                                <div class=\"gyan-servicelist-content-wrapper\">\n                                                                <h3 class=\"gyan-service-list-title\">\n                                                                            <span>01.<\/span>Konzultacije                                                                    <\/h3>\n                                <div class=\"gyan-service-list-description\">Kontaktirajte nas ili nas nazovite i zaka\u017eite sastanak.<\/div>                                                                                            <\/div>\n                            <\/div>\n                        <\/li>\n                                                                                <li class=\"gyan-service-list-item\">\n                            <div class=\"gyan-service-list-item-inner elementor-repeater-item-c935627\">\n                                                                <div class=\"gyan-servicelist-icon-outer\">\n                                        <div class=\"gyan-servicelist-icon-wrapper gyan-ease-transition\">\n\n                                            <span class=\"gyan-service-list-image\"><img width=\"52\" height=\"52\" src=\"https:\/\/trigana.si\/hr\/wp-content\/uploads\/2020\/02\/icon-artist5.png\" class=\"attachment-full size-full\" alt=\"icon-artist5\" loading=\"lazy\" \/><\/span>                                        <\/div>\n                                    <\/div>\n\n                                                                <div class=\"gyan-servicelist-content-wrapper\">\n                                                                <h3 class=\"gyan-service-list-title\">\n                                                                            <span>02.<\/span>Plan                                                                    <\/h3>\n                                <div class=\"gyan-service-list-description\">Analiziramo va\u0161e potrebe i obveze te predla\u017eemo optimalna rje\u0161enja.<\/div>                                                                                            <\/div>\n                            <\/div>\n                        <\/li>\n                                                                                <li class=\"gyan-service-list-item\">\n                            <div class=\"gyan-service-list-item-inner elementor-repeater-item-b0af6ca\">\n                                                                <div class=\"gyan-servicelist-icon-outer\">\n                                        <div class=\"gyan-servicelist-icon-wrapper gyan-ease-transition\">\n\n                                            <span class=\"gyan-service-list-image\"><img width=\"50\" height=\"50\" src=\"https:\/\/trigana.si\/hr\/wp-content\/uploads\/2021\/05\/delavci.png\" class=\"attachment-full size-full\" alt=\"delavci\" loading=\"lazy\" \/><\/span>                                        <\/div>\n                                    <\/div>\n\n                                                                <div class=\"gyan-servicelist-content-wrapper\">\n                                                                <h3 class=\"gyan-service-list-title\">\n                                                                            <span>03.<\/span>Izvo\u0111enje                                                                    <\/h3>\n                                <div class=\"gyan-service-list-description\">Osiguravamo uskla\u0111enost sa zakonodavstvom i financijsko u\u010dinkovitu provedbu. U\u0161tedjet \u0107ete vrijeme i brige.<\/div>                                                                                            <\/div>\n                            <\/div>\n                        <\/li>\n                                                <\/ul>\n        <\/div>\n        \t\t<\/div>\n\t\t\t\t<\/div>\n\t\t\t\t\t<\/div>\n\t\t<\/div>\n\t\t\t\t\t\t\t<\/div>\n\t\t<\/section>\n\t\t\t\t<section class=\"elementor-section elementor-top-section elementor-element elementor-element-8fcc151 elementor-section-boxed elementor-section-height-default elementor-section-height-default\" data-id=\"8fcc151\" data-element_type=\"section\">\n\t\t\t\t\t\t<div class=\"elementor-container elementor-column-gap-default\">\n\t\t\t\t\t<div class=\"elementor-column elementor-col-100 elementor-top-column elementor-element elementor-element-3672f1f\" data-id=\"3672f1f\" data-element_type=\"column\">\n\t\t\t<div class=\"elementor-widget-wrap elementor-element-populated\">\n\t\t\t\t\t\t\t\t<div class=\"elementor-element elementor-element-5a9d1fc elementor-align-center elementor-widget elementor-widget-button\" data-id=\"5a9d1fc\" data-element_type=\"widget\" data-widget_type=\"button.default\">\n\t\t\t\t<div class=\"elementor-widget-container\">\n\t\t\t\t\t<div class=\"elementor-button-wrapper\">\n\t\t\t<a href=\"mailto:info@trigana.si\" target=\"_blank\" class=\"elementor-button-link elementor-button elementor-size-sm\" role=\"button\">\n\t\t\t\t\t\t<span class=\"elementor-button-content-wrapper\">\n\t\t\t\t\t\t<span class=\"elementor-button-text\">Pi\u0161ite nam<\/span>\n\t\t<\/span>\n\t\t\t\t\t<\/a>\n\t\t<\/div>\n\t\t\t\t<\/div>\n\t\t\t\t<\/div>\n\t\t\t\t\t<\/div>\n\t\t<\/div>\n\t\t\t\t\t\t\t<\/div>\n\t\t<\/section>\n\t\t\t\t\t\t<\/div>\n\t\t\t\t\t<\/div>\n\t\t","protected":false},"excerpt":{"rendered":"<p>Va\u0161a odgovornost Gospodarenje otpadom zahtijeva ogromnu stru\u010dnost i puno vremena. Tvrtkama je potreban pristup informacijama kako bi se osigurala uskla\u0111enost sa zakonodavstvom o okoli\u0161u u Sloveniji, EU i zapadnom Balkanu. Na\u0161a briga Za vas pripremimo: godi\u0161nje izvje\u0161\u0107e o gospodarenju otpadom, godi\u0161nje izvje\u0161\u0107e o nastalom ambala\u017enom otpadu, plan gospodarenja otpadom. Uni\u0161timo [&hellip;]<\/p>\n","protected":false},"author":1,"featured_media":0,"parent":0,"menu_order":0,"comment_status":"closed","ping_status":"closed","template":"","meta":[],"_links":{"self":[{"href":"https:\/\/trigana.si\/hr\/wp-json\/wp\/v2\/pages\/2064"}],"collection":[{"href":"https:\/\/trigana.si\/hr\/wp-json\/wp\/v2\/pages"}],"about":[{"href":"https:\/\/trigana.si\/hr\/wp-json\/wp\/v2\/types\/page"}],"author":[{"embeddable":true,"href":"https:\/\/trigana.si\/hr\/wp-json\/wp\/v2\/users\/1"}],"replies":[{"embeddable":true,"href":"https:\/\/trigana.si\/hr\/wp-json\/wp\/v2\/comments?post=2064"}],"version-history":[{"count":12,"href":"https:\/\/trigana.si\/hr\/wp-json\/wp\/v2\/pages\/2064\/revisions"}],"predecessor-version":[{"id":3537,"href":"https:\/\/trigana.si\/hr\/wp-json\/wp\/v2\/pages\/2064\/revisions\/3537"}],"wp:attachment":[{"href":"https:\/\/trigana.si\/hr\/wp-json\/wp\/v2\/media?parent=2064"}],"curies":[{"name":"wp","href":"https:\/\/api.w.org\/{rel}","templated":true}]}}