{"id":2041,"date":"2020-11-29T18:23:16","date_gmt":"2020-11-29T18:23:16","guid":{"rendered":"https:\/\/trigana.si\/hr\/razsirjena-odgovornost-proizvajalcev-v-drzavah-eu-in-regiji-zahodnega-balkana\/"},"modified":"2021-08-23T11:39:55","modified_gmt":"2021-08-23T11:39:55","slug":"razsirjena-odgovornost-proizvajalcev-v-drzavah-eu-in-regiji-zahodnega-balkana","status":"publish","type":"page","link":"https:\/\/trigana.si\/hr\/razsirjena-odgovornost-proizvajalcev-v-drzavah-eu-in-regiji-zahodnega-balkana\/","title":{"rendered":"Raz\u0161irjena odgovornost proizvajalcev v dr\u017eavah EU in regiji Zahodnega Balkana"},"content":{"rendered":"\t\t<div data-elementor-type=\"wp-page\" data-elementor-id=\"2041\" class=\"elementor elementor-2041\" data-elementor-settings=\"[]\">\n\t\t\t\t\t\t\t<div class=\"elementor-section-wrap\">\n\t\t\t\t\t\t\t<section class=\"elementor-section elementor-top-section elementor-element elementor-element-4de2d159 elementor-section-boxed elementor-section-height-default elementor-section-height-default\" data-id=\"4de2d159\" data-element_type=\"section\">\n\t\t\t\t\t\t<div class=\"elementor-container elementor-column-gap-default\">\n\t\t\t\t\t<div class=\"elementor-column elementor-col-100 elementor-top-column elementor-element elementor-element-4f990f96\" data-id=\"4f990f96\" data-element_type=\"column\">\n\t\t\t<div class=\"elementor-widget-wrap elementor-element-populated\">\n\t\t\t\t\t\t\t\t<section class=\"elementor-section elementor-inner-section elementor-element elementor-element-513a0431 elementor-section-boxed elementor-section-height-default elementor-section-height-default\" data-id=\"513a0431\" data-element_type=\"section\">\n\t\t\t\t\t\t<div class=\"elementor-container elementor-column-gap-default\">\n\t\t\t\t\t<div class=\"elementor-column elementor-col-50 elementor-inner-column elementor-element elementor-element-5c019af7\" data-id=\"5c019af7\" data-element_type=\"column\" data-settings=\"{&quot;background_background&quot;:&quot;classic&quot;}\">\n\t\t\t<div class=\"elementor-widget-wrap elementor-element-populated\">\n\t\t\t\t\t\t\t\t<div class=\"elementor-element elementor-element-33e1cea5 elementor-widget elementor-widget-text-editor\" data-id=\"33e1cea5\" data-element_type=\"widget\" data-widget_type=\"text-editor.default\">\n\t\t\t\t<div class=\"elementor-widget-container\">\n\t\t\t\t\t\t\t\t<h4 style=\"color: #fff;\">Va\u0161a odgovornost<\/h4><p>Tvrtke registrirane u Hrvatskoj ili u drugim zemljama biv\u0161e Jugoslavije koje proizvode, uvoze ili nabavljaju elektri\u010dnu i elektroni\u010dku opremu, baterije i akumulatore du\u017ene su provoditi obveze prema Direktivama 2012\/19\/EU i 2006\/66\/EC i sektorskim propisima koji su utvr\u0111eni zakonom.<\/p>\t\t\t\t\t\t<\/div>\n\t\t\t\t<\/div>\n\t\t\t\t\t<\/div>\n\t\t<\/div>\n\t\t\t\t<div class=\"elementor-column elementor-col-50 elementor-inner-column elementor-element elementor-element-105b91d6\" data-id=\"105b91d6\" data-element_type=\"column\" data-settings=\"{&quot;background_background&quot;:&quot;classic&quot;}\">\n\t\t\t<div class=\"elementor-widget-wrap elementor-element-populated\">\n\t\t\t\t\t\t\t\t<div class=\"elementor-element elementor-element-42e1a800 elementor-widget elementor-widget-text-editor\" data-id=\"42e1a800\" data-element_type=\"widget\" data-widget_type=\"text-editor.default\">\n\t\t\t\t<div class=\"elementor-widget-container\">\n\t\t\t\t\t\t\t\t<h4><strong>Na\u0161a briga<\/strong><\/h4><ul><li>Izvoznicima osiguravamo uskla\u0111enost sa zakonodavstvom o okoli\u0161u ako imaju vlastitu podru\u017enicu u drugim zemljama, ako imaju samo registrirani porezni broj ili ako prodaju proizvode na internetu.<\/li><li>Ure\u0111ujemo upise u evidencijama dr\u017eavnih tijela (npr. FOND).<\/li><li>U okviru pro\u0161irene odgovornosti proizvo\u0111a\u010da, vodimo ra\u010duna o mjese\u010dnom, tromjese\u010dnom, polugodi\u0161njem i godi\u0161njem izvje\u0161tavanju o proizvodima koji se stavljaju na tr\u017ei\u0161te (ambala\u017ea, elektri\u010dna i elektroni\u010dka oprema, baterije, gume, ulja i motorna ulja).<\/li><li>Savjetujemo o opremi podru\u017enica u skladu s lokalnim zakonodavstvom.<\/li><li>Na\u0161a podru\u017enica u Hrvatskoj pokriva cijelu regiju zapadnog Balkana, a na podru\u010dju zakonodavstva u ostalim dr\u017eavama \u010dlanicama EU sura\u0111ujemo s etabliranim strate\u0161kim partnerima iz Njema\u010dke i Francuske.<\/li><\/ul>\t\t\t\t\t\t<\/div>\n\t\t\t\t<\/div>\n\t\t\t\t\t<\/div>\n\t\t<\/div>\n\t\t\t\t\t\t\t<\/div>\n\t\t<\/section>\n\t\t\t\t\t<\/div>\n\t\t<\/div>\n\t\t\t\t\t\t\t<\/div>\n\t\t<\/section>\n\t\t\t\t<section class=\"elementor-section elementor-top-section elementor-element elementor-element-f2d868a elementor-section-boxed elementor-section-height-default elementor-section-height-default\" data-id=\"f2d868a\" data-element_type=\"section\">\n\t\t\t\t\t\t<div class=\"elementor-container elementor-column-gap-default\">\n\t\t\t\t\t<div class=\"elementor-column elementor-col-100 elementor-top-column elementor-element elementor-element-0dbd704\" data-id=\"0dbd704\" data-element_type=\"column\">\n\t\t\t<div class=\"elementor-widget-wrap elementor-element-populated\">\n\t\t\t\t\t\t\t\t<div class=\"elementor-element elementor-element-6e24492 elementor-widget elementor-widget-heading\" data-id=\"6e24492\" data-element_type=\"widget\" data-widget_type=\"heading.default\">\n\t\t\t\t<div class=\"elementor-widget-container\">\n\t\t\t<h2 class=\"elementor-heading-title elementor-size-default\">Cjelovito rje\u0161enje na klju\u010d - u tri jednostavna koraka! <\/h2>\t\t<\/div>\n\t\t\t\t<\/div>\n\t\t\t\t\t<\/div>\n\t\t<\/div>\n\t\t\t\t\t\t\t<\/div>\n\t\t<\/section>\n\t\t\t\t<section class=\"elementor-section elementor-top-section elementor-element elementor-element-829c2a2 elementor-section-boxed elementor-section-height-default elementor-section-height-default\" data-id=\"829c2a2\" data-element_type=\"section\">\n\t\t\t\t\t\t<div class=\"elementor-container elementor-column-gap-default\">\n\t\t\t\t\t<div class=\"elementor-column elementor-col-100 elementor-top-column elementor-element elementor-element-9ea7bae\" data-id=\"9ea7bae\" data-element_type=\"column\">\n\t\t\t<div class=\"elementor-widget-wrap elementor-element-populated\">\n\t\t\t\t\t\t\t\t<div class=\"elementor-element elementor-element-4e6196a elementor-align-center elementor-widget elementor-widget-button\" data-id=\"4e6196a\" data-element_type=\"widget\" data-widget_type=\"button.default\">\n\t\t\t\t<div class=\"elementor-widget-container\">\n\t\t\t\t\t<div class=\"elementor-button-wrapper\">\n\t\t\t<a href=\"mailto:info@trigana.si\" target=\"_blank\" class=\"elementor-button-link elementor-button elementor-size-sm\" role=\"button\">\n\t\t\t\t\t\t<span class=\"elementor-button-content-wrapper\">\n\t\t\t\t\t\t<span class=\"elementor-button-text\">Pi\u0161ite nam<\/span>\n\t\t<\/span>\n\t\t\t\t\t<\/a>\n\t\t<\/div>\n\t\t\t\t<\/div>\n\t\t\t\t<\/div>\n\t\t\t\t<div class=\"elementor-element elementor-element-fe99455 gyan-service-list-icon-top gyan-service-list-icon-horizontal-center gyan-service-list-stack-mobile elementor-widget elementor-widget-gyan_service_list\" data-id=\"fe99455\" data-element_type=\"widget\" data-widget_type=\"gyan_service_list.default\">\n\t\t\t\t<div class=\"elementor-widget-container\">\n\t\t\t        <div class=\"gyan-service-list-container gyan-service-list-connector gyan-service-list-corners-hide\">\n            <ul class=\"gyan-list-items\">\n                                                            <li class=\"gyan-service-list-item\">\n                            <div class=\"gyan-service-list-item-inner elementor-repeater-item-2cf2d5b\">\n                                                                <div class=\"gyan-servicelist-icon-outer\">\n                                        <div class=\"gyan-servicelist-icon-wrapper gyan-ease-transition\">\n\n                                            <span class=\"gyan-service-list-image\"><img width=\"60\" height=\"60\" src=\"https:\/\/trigana.si\/hr\/wp-content\/uploads\/2020\/02\/icon-process.png\" class=\"attachment-full size-full\" alt=\"icon-process\" loading=\"lazy\" \/><\/span>                                        <\/div>\n                                    <\/div>\n\n                                                                <div class=\"gyan-servicelist-content-wrapper\">\n                                                                <h3 class=\"gyan-service-list-title\">\n                                                                            <span>01.<\/span>Konzultacije                                                                    <\/h3>\n                                <div class=\"gyan-service-list-description\">Kontaktirajte nas ili nas nazovite i zaka\u017eite sastanak.<\/div>                                                                                            <\/div>\n                            <\/div>\n                        <\/li>\n                                                                                <li class=\"gyan-service-list-item\">\n                            <div class=\"gyan-service-list-item-inner elementor-repeater-item-c935627\">\n                                                                <div class=\"gyan-servicelist-icon-outer\">\n                                        <div class=\"gyan-servicelist-icon-wrapper gyan-ease-transition\">\n\n                                            <span class=\"gyan-service-list-image\"><img width=\"52\" height=\"52\" src=\"https:\/\/trigana.si\/hr\/wp-content\/uploads\/2020\/02\/icon-artist5.png\" class=\"attachment-full size-full\" alt=\"icon-artist5\" loading=\"lazy\" \/><\/span>                                        <\/div>\n                                    <\/div>\n\n                                                                <div class=\"gyan-servicelist-content-wrapper\">\n                                                                <h3 class=\"gyan-service-list-title\">\n                                                                            <span>02.<\/span>Plan                                                                    <\/h3>\n                                <div class=\"gyan-service-list-description\">Analiziramo va\u0161e potrebe i obveze te predla\u017eemo optimalna rje\u0161enja.<\/div>                                                                                            <\/div>\n                            <\/div>\n                        <\/li>\n                                                                                <li class=\"gyan-service-list-item\">\n                            <div class=\"gyan-service-list-item-inner elementor-repeater-item-b0af6ca\">\n                                                                <div class=\"gyan-servicelist-icon-outer\">\n                                        <div class=\"gyan-servicelist-icon-wrapper gyan-ease-transition\">\n\n                                            <span class=\"gyan-service-list-image\"><img width=\"50\" height=\"50\" src=\"https:\/\/trigana.si\/hr\/wp-content\/uploads\/2021\/05\/delavci.png\" class=\"attachment-full size-full\" alt=\"delavci\" loading=\"lazy\" \/><\/span>                                        <\/div>\n                                    <\/div>\n\n                                                                <div class=\"gyan-servicelist-content-wrapper\">\n                                                                <h3 class=\"gyan-service-list-title\">\n                                                                            <span>03.<\/span>Izvo\u0111enje                                                                    <\/h3>\n                                <div class=\"gyan-service-list-description\">Osiguravamo uskla\u0111enost sa zakonodavstvom i financijsko u\u010dinkovitu provedbu. U\u0161tedjet \u0107ete vrijeme i brige.<\/div>                                                                                            <\/div>\n                            <\/div>\n                        <\/li>\n                                                <\/ul>\n        <\/div>\n        \t\t<\/div>\n\t\t\t\t<\/div>\n\t\t\t\t\t<\/div>\n\t\t<\/div>\n\t\t\t\t\t\t\t<\/div>\n\t\t<\/section>\n\t\t\t\t\t\t<\/div>\n\t\t\t\t\t<\/div>\n\t\t","protected":false},"excerpt":{"rendered":"<p>Va\u0161a odgovornost Tvrtke registrirane u Hrvatskoj ili u drugim zemljama biv\u0161e Jugoslavije koje proizvode, uvoze ili nabavljaju elektri\u010dnu i elektroni\u010dku opremu, baterije i akumulatore du\u017ene su provoditi obveze prema Direktivama 2012\/19\/EU i 2006\/66\/EC i sektorskim propisima koji su utvr\u0111eni zakonom. Na\u0161a briga Izvoznicima osiguravamo uskla\u0111enost sa zakonodavstvom o okoli\u0161u ako [&hellip;]<\/p>\n","protected":false},"author":1,"featured_media":0,"parent":0,"menu_order":0,"comment_status":"closed","ping_status":"closed","template":"","meta":[],"_links":{"self":[{"href":"https:\/\/trigana.si\/hr\/wp-json\/wp\/v2\/pages\/2041"}],"collection":[{"href":"https:\/\/trigana.si\/hr\/wp-json\/wp\/v2\/pages"}],"about":[{"href":"https:\/\/trigana.si\/hr\/wp-json\/wp\/v2\/types\/page"}],"author":[{"embeddable":true,"href":"https:\/\/trigana.si\/hr\/wp-json\/wp\/v2\/users\/1"}],"replies":[{"embeddable":true,"href":"https:\/\/trigana.si\/hr\/wp-json\/wp\/v2\/comments?post=2041"}],"version-history":[{"count":13,"href":"https:\/\/trigana.si\/hr\/wp-json\/wp\/v2\/pages\/2041\/revisions"}],"predecessor-version":[{"id":3518,"href":"https:\/\/trigana.si\/hr\/wp-json\/wp\/v2\/pages\/2041\/revisions\/3518"}],"wp:attachment":[{"href":"https:\/\/trigana.si\/hr\/wp-json\/wp\/v2\/media?parent=2041"}],"curies":[{"name":"wp","href":"https:\/\/api.w.org\/{rel}","templated":true}]}}