{"id":1995,"date":"2020-11-29T15:19:48","date_gmt":"2020-11-29T15:19:48","guid":{"rendered":"https:\/\/trigana.si\/en\/vizitka-podjetja\/"},"modified":"2021-08-24T13:21:47","modified_gmt":"2021-08-24T13:21:47","slug":"vizitka-podjetja","status":"publish","type":"page","link":"https:\/\/trigana.si\/en\/vizitka-podjetja\/","title":{"rendered":"Company Information"},"content":{"rendered":"\t\t<div data-elementor-type=\"wp-page\" data-elementor-id=\"1995\" class=\"elementor elementor-1995\" data-elementor-settings=\"[]\">\n\t\t\t\t\t\t\t<div class=\"elementor-section-wrap\">\n\t\t\t\t\t\t\t<section class=\"elementor-section elementor-top-section elementor-element elementor-element-5ecf1d76 elementor-reverse-tablet elementor-reverse-mobile elementor-section-boxed elementor-section-height-default elementor-section-height-default\" data-id=\"5ecf1d76\" data-element_type=\"section\">\n\t\t\t\t\t\t<div class=\"elementor-container elementor-column-gap-default\">\n\t\t\t\t\t<div class=\"elementor-column elementor-col-100 elementor-top-column elementor-element elementor-element-43cc2804\" data-id=\"43cc2804\" data-element_type=\"column\">\n\t\t\t<div class=\"elementor-widget-wrap elementor-element-populated\">\n\t\t\t\t\t\t\t\t<div class=\"elementor-element elementor-element-4b2ee532 elementor-widget elementor-widget-gyan_table\" data-id=\"4b2ee532\" data-element_type=\"widget\" data-widget_type=\"gyan_table.default\">\n\t\t\t\t<div class=\"elementor-widget-container\">\n\t\t\t\t\t<div class=\"gyan-table gyan-table-tbody-th-middle gyan-table-tbody-td-middle\">\r\n\t\t\t<table>\r\n\t\t\t\t\t\t\t\t\t<thead><tr><th colspan=\"1\" class=\"elementor-repeater-item-a01d643 gyan-table-thead-icon-left\"><\/th><th colspan=\"1\" class=\"elementor-repeater-item-f2a50cf gyan-table-thead-icon-above\"><span class=\"gyan-table-icon gyan-icon-above\"><img width=\"150\" height=\"90\" src=\"https:\/\/trigana.si\/en\/wp-content\/uploads\/2021\/08\/slovenska-zastava-1.jpg\" class=\"attachment-full size-full\" alt=\"\" loading=\"lazy\" srcset=\"https:\/\/trigana.si\/en\/wp-content\/uploads\/2021\/08\/slovenska-zastava-1.jpg 150w, https:\/\/trigana.si\/en\/wp-content\/uploads\/2021\/08\/slovenska-zastava-1-24x14.jpg 24w, https:\/\/trigana.si\/en\/wp-content\/uploads\/2021\/08\/slovenska-zastava-1-36x22.jpg 36w, https:\/\/trigana.si\/en\/wp-content\/uploads\/2021\/08\/slovenska-zastava-1-48x29.jpg 48w\" sizes=\"(max-width: 150px) 100vw, 150px\" \/><\/span><span class=\"gyan-table-thead\">Slovenia<\/span><\/th><th colspan=\"1\" class=\"elementor-repeater-item-f665da2 gyan-table-thead-icon-above\"><span class=\"gyan-table-icon gyan-icon-above\"><img width=\"150\" height=\"90\" src=\"https:\/\/trigana.si\/en\/wp-content\/uploads\/2021\/08\/hrvaska-zastava.jpg\" class=\"attachment-full size-full\" alt=\"\" loading=\"lazy\" srcset=\"https:\/\/trigana.si\/en\/wp-content\/uploads\/2021\/08\/hrvaska-zastava.jpg 150w, https:\/\/trigana.si\/en\/wp-content\/uploads\/2021\/08\/hrvaska-zastava-24x14.jpg 24w, https:\/\/trigana.si\/en\/wp-content\/uploads\/2021\/08\/hrvaska-zastava-36x22.jpg 36w, https:\/\/trigana.si\/en\/wp-content\/uploads\/2021\/08\/hrvaska-zastava-48x29.jpg 48w\" sizes=\"(max-width: 150px) 100vw, 150px\" \/><\/span><span class=\"gyan-table-thead\">Croatia<\/span><\/th><\/tr>\r\n\t\t\t\t\t<\/thead>\r\n\t\t\t\t\r\n\t\t\t\t<tbody>\r\n\t\t\t\t\t<tr class=\"elementor-repeater-item-d7836e6\"><th rowspan=\"1\" colspan=\"1\" class=\"elementor-repeater-item-79658ab\" ><span class=\"gyan-table-icon gyan-icon-left\"><\/span><span class=\"gyan-table-content-text\">Company name:<\/span><\/th><td rowspan=\"1\" colspan=\"1\" class=\"elementor-repeater-item-ddba5ee\" ><span class=\"gyan-table-content-text\">TRIGANA d.o.o.\n<\/span><\/td><td rowspan=\"1\" colspan=\"1\" class=\"elementor-repeater-item-37b2e6f\" ><span class=\"gyan-table-content-text\">TRIGANA d.o.o.\n<\/span><\/td><\/tr><tr class=\"elementor-repeater-item-12c4fc7\"><th rowspan=\"1\" colspan=\"1\" class=\"elementor-repeater-item-13733a5\" ><span class=\"gyan-table-content-text\">Full company name:<\/span><\/th><td rowspan=\"1\" colspan=\"1\" class=\"elementor-repeater-item-873d253\" ><span class=\"gyan-table-content-text\">TRIGANA, razvojni in\u017eeniring, d.o.o.\n<\/span><\/td><td rowspan=\"1\" colspan=\"1\" class=\"elementor-repeater-item-5e358a2\" ><span class=\"gyan-table-content-text\">TRIGANA d.o.o. za usluge\n<\/span><\/td><\/tr><tr class=\"elementor-repeater-item-c9baf00\"><th rowspan=\"1\" colspan=\"1\" class=\"elementor-repeater-item-525af50\" ><span class=\"gyan-table-content-text\">Registered office:<\/span><\/th><td rowspan=\"1\" colspan=\"1\" class=\"elementor-repeater-item-36d7ae3\" ><span class=\"gyan-table-content-text\">Tr\u017ea\u0161ka cesta 207<\/br>\n1000 Ljubljana<\/br>\nSlovenija<\/br>\n<\/span><\/td><td rowspan=\"1\" colspan=\"1\" class=\"elementor-repeater-item-7aa8a92\" ><span class=\"gyan-table-content-text\">Savska cesta 41<\/br>\n10000 Zagreb<\/br>\nHrva\u0161ka<\/br>\n<\/span><\/td><\/tr><tr class=\"elementor-repeater-item-b14a604\"><th rowspan=\"1\" colspan=\"1\" class=\"elementor-repeater-item-44691b1\" ><span class=\"gyan-table-content-text\">Phone:\n<\/span><\/th><td rowspan=\"1\" colspan=\"1\" class=\"elementor-repeater-item-8411445\" ><span class=\"gyan-table-content-text\">00 386 40 237 267<\/br>\n00 386 41 365 874<\/br>\n<\/span><\/td><td rowspan=\"1\" colspan=\"1\" class=\"elementor-repeater-item-c5f1f83\" ><span class=\"gyan-table-content-text\">00 386 40 237 267<\/br>\n00 386 41 365 874<\/br><\/span><\/td><\/tr><tr class=\"elementor-repeater-item-3006128\"><th rowspan=\"1\" colspan=\"1\" class=\"elementor-repeater-item-fcf4290\" ><span class=\"gyan-table-content-text\">E-mail:\n<\/span><\/th><td rowspan=\"1\" colspan=\"1\" class=\"elementor-repeater-item-39e3d18\" ><span class=\"gyan-table-content-text\">info@trigana.si\n<\/span><\/td><td rowspan=\"1\" colspan=\"1\" class=\"elementor-repeater-item-3e7706c\" ><span class=\"gyan-table-content-text\">info@trigana.hr<\/span><\/td><\/tr><tr class=\"elementor-repeater-item-8b5cee6\"><th rowspan=\"1\" colspan=\"1\" class=\"elementor-repeater-item-658535b\" ><span class=\"gyan-table-content-text\">Registration number:<\/span><\/th><td rowspan=\"1\" colspan=\"1\" class=\"elementor-repeater-item-810d783\" ><span class=\"gyan-table-content-text\">3829359000\n<\/span><\/td><td rowspan=\"1\" colspan=\"1\" class=\"elementor-repeater-item-a1f1acf\" ><span class=\"gyan-table-content-text\">04981952\n<\/span><\/td><\/tr><tr class=\"elementor-repeater-item-ff946ee\"><th rowspan=\"1\" colspan=\"1\" class=\"elementor-repeater-item-01719d3\" ><span class=\"gyan-table-content-text\">Tax number:\n<\/span><\/th><td rowspan=\"1\" colspan=\"1\" class=\"elementor-repeater-item-bf12095\" ><span class=\"gyan-table-content-text\">SI72905298\n<\/span><\/td><td rowspan=\"1\" colspan=\"1\" class=\"elementor-repeater-item-6c302f5\" ><span class=\"gyan-table-content-text\">92471628082\n<\/span><\/td><\/tr><tr class=\"elementor-repeater-item-8def672\"><th rowspan=\"1\" colspan=\"1\" class=\"elementor-repeater-item-5977f73\" ><span class=\"gyan-table-content-text\">Activity code:<\/span><\/th><td rowspan=\"1\" colspan=\"1\" class=\"elementor-repeater-item-b24326c\" ><span class=\"gyan-table-content-text\">E38.110\n<\/span><\/td><td rowspan=\"1\" colspan=\"1\" class=\"elementor-repeater-item-6f47770\" ><span class=\"gyan-table-content-text\">70.22\n<\/span><\/td><\/tr><tr class=\"elementor-repeater-item-99a2139\"><th rowspan=\"1\" colspan=\"1\" class=\"elementor-repeater-item-c9786c5\" ><span class=\"gyan-table-content-text\">Year of establishment:\n<\/span><\/th><td rowspan=\"1\" colspan=\"1\" class=\"elementor-repeater-item-b074ddc\" ><span class=\"gyan-table-content-text\">2010\n<\/span><\/td><td rowspan=\"1\" colspan=\"1\" class=\"elementor-repeater-item-4b5e706\" ><span class=\"gyan-table-content-text\">2018\n<\/span><\/td><\/tr><\/tbody>\r\n\t\t\t<\/table>\r\n\t\t<\/div><!-- .gyan-table -->\r\n\t\t\t\t<\/div>\n\t\t\t\t<\/div>\n\t\t\t\t\t<\/div>\n\t\t<\/div>\n\t\t\t\t\t\t\t<\/div>\n\t\t<\/section>\n\t\t\t\t\t\t<\/div>\n\t\t\t\t\t<\/div>\n\t\t","protected":false},"excerpt":{"rendered":"<p>Slovenia Croatia Company name: TRIGANA d.o.o. TRIGANA d.o.o. Full company name: TRIGANA, razvojni in\u017eeniring, d.o.o. TRIGANA d.o.o. za usluge Registered office: Tr\u017ea\u0161ka cesta 207 1000 Ljubljana Slovenija Savska cesta 41 10000 Zagreb Hrva\u0161ka Phone: 00 386 40 237 267 00 386 41 365 874 00 386 40 237 267 00 [&hellip;]<\/p>\n","protected":false},"author":1,"featured_media":0,"parent":0,"menu_order":0,"comment_status":"closed","ping_status":"closed","template":"","meta":[],"_links":{"self":[{"href":"https:\/\/trigana.si\/en\/wp-json\/wp\/v2\/pages\/1995"}],"collection":[{"href":"https:\/\/trigana.si\/en\/wp-json\/wp\/v2\/pages"}],"about":[{"href":"https:\/\/trigana.si\/en\/wp-json\/wp\/v2\/types\/page"}],"author":[{"embeddable":true,"href":"https:\/\/trigana.si\/en\/wp-json\/wp\/v2\/users\/1"}],"replies":[{"embeddable":true,"href":"https:\/\/trigana.si\/en\/wp-json\/wp\/v2\/comments?post=1995"}],"version-history":[{"count":25,"href":"https:\/\/trigana.si\/en\/wp-json\/wp\/v2\/pages\/1995\/revisions"}],"predecessor-version":[{"id":3540,"href":"https:\/\/trigana.si\/en\/wp-json\/wp\/v2\/pages\/1995\/revisions\/3540"}],"wp:attachment":[{"href":"https:\/\/trigana.si\/en\/wp-json\/wp\/v2\/media?parent=1995"}],"curies":[{"name":"wp","href":"https:\/\/api.w.org\/{rel}","templated":true}]}}