{"id":2789,"date":"2020-02-17T14:59:59","date_gmt":"2020-02-17T14:59:59","guid":{"rendered":"https:\/\/trigana.si\/de\/o-nas\/"},"modified":"2021-08-24T19:28:55","modified_gmt":"2021-08-24T19:28:55","slug":"o-nas","status":"publish","type":"page","link":"https:\/\/trigana.si\/de\/o-nas\/","title":{"rendered":"O nas"},"content":{"rendered":"\t\t<div data-elementor-type=\"wp-page\" data-elementor-id=\"2789\" class=\"elementor elementor-2789\" data-elementor-settings=\"[]\">\n\t\t\t\t\t\t\t<div class=\"elementor-section-wrap\">\n\t\t\t\t\t\t\t<section class=\"elementor-section elementor-top-section elementor-element elementor-element-562cfff1 elementor-section-stretched elementor-section-boxed elementor-section-height-default elementor-section-height-default\" data-id=\"562cfff1\" data-element_type=\"section\" data-settings=\"{&quot;stretch_section&quot;:&quot;section-stretched&quot;,&quot;background_background&quot;:&quot;classic&quot;}\">\n\t\t\t\t\t\t\t<div class=\"elementor-background-overlay\"><\/div>\n\t\t\t\t\t\t\t<div class=\"elementor-container elementor-column-gap-no\">\n\t\t\t\t\t<div class=\"elementor-column elementor-col-100 elementor-top-column elementor-element elementor-element-497b4b82\" data-id=\"497b4b82\" data-element_type=\"column\">\n\t\t\t<div class=\"elementor-widget-wrap elementor-element-populated\">\n\t\t\t\t\t\t\t\t<section class=\"elementor-section elementor-inner-section elementor-element elementor-element-5d9d2b3a elementor-section-boxed elementor-section-height-default elementor-section-height-default\" data-id=\"5d9d2b3a\" data-element_type=\"section\">\n\t\t\t\t\t\t<div class=\"elementor-container elementor-column-gap-no\">\n\t\t\t\t\t<div class=\"elementor-column elementor-col-50 elementor-inner-column elementor-element elementor-element-471b7da5\" data-id=\"471b7da5\" data-element_type=\"column\">\n\t\t\t<div class=\"elementor-widget-wrap elementor-element-populated\">\n\t\t\t\t\t\t\t\t<div class=\"elementor-element elementor-element-32f1067b gyan-title-st-line-after gyan-title-desc-left elementor-widget elementor-widget-gyan_title\" data-id=\"32f1067b\" data-element_type=\"widget\" data-widget_type=\"gyan_title.default\">\n\t\t\t\t<div class=\"elementor-widget-container\">\n\t\t\t\t\t<div class=\"gyan-title\">\r\n\t\t\t<div class=\"gyan-title-subtitle\"><span>Unternehmen <\/span><\/div><h3 class=\"gyan-title-heading\">Ihre Verantwortung, unser Anliegen.<\/h3><div class=\"gyan-title-desc\">Das Unternehmen Trigana zeichnet sich durch langj\u00e4hrige Erfahrung in der Kenntnis der Umweltvorschriften, der Entwicklung von Konzepten f\u00fcr die Sammlung und Verarbeitung verschiedener Arten von Abf\u00e4llen und der Umsetzung der Verpflichtungen einer erweiterten Herstellerverantwortung aus. <\/div>\t\t<\/div>\r\n\t\t\t\t<\/div>\n\t\t\t\t<\/div>\n\t\t\t\t<div class=\"elementor-element elementor-element-6b317749 elementor-widget elementor-widget-heading\" data-id=\"6b317749\" data-element_type=\"widget\" data-widget_type=\"heading.default\">\n\t\t\t\t<div class=\"elementor-widget-container\">\n\t\t\t<h2 class=\"elementor-heading-title elementor-size-default\">Eine Mannschaft. Viel Wissen.<\/h2>\t\t<\/div>\n\t\t\t\t<\/div>\n\t\t\t\t<div class=\"elementor-element elementor-element-aeb0b68 elementor-widget elementor-widget-text-editor\" data-id=\"aeb0b68\" data-element_type=\"widget\" data-widget_type=\"text-editor.default\">\n\t\t\t\t<div class=\"elementor-widget-container\">\n\t\t\t\t\t\t\t\t<p>Zusammen mit externen Mitarbeitern stellen wir seit 2010 ein starkes und engagiertes Team zusammen, dem immer mehr zufriedene Kunden vertrauen, von kleinen Unternehmen bis zu gro\u00dfen multinationalen Konzernen.<\/p><p>Dank der Anwesenheit unserer Kunden auf den Weltm\u00e4rkten, des Online-Verkaufs und unserer Kenntnis \u00fcber die Gesetzgebung im Ausland erobern wir auch selber erfolgreich den internationalen Markt. Seit 2016 bieten wir als bevollm\u00e4chtigter Vertreter Dienstleistungen in anderen EU-L\u00e4ndern an. Im Jahre 2018 haben wir eine Niederlassung in Kroatien gegr\u00fcndet, von der aus wir die gesamte Region des westlichen Balkans abdecken.\u00a0 Die Suche nach neuen Herausforderungen hat uns nach S\u00fcdostasien gebracht, wo wir mit der Europ\u00e4ischen Handelskammer, lokalen Unternehmen und NROs beim Wissenstransfer und der nachhaltigen Entwicklung der Abfallwirtschaft zusammenarbeiten.<\/p>\t\t\t\t\t\t<\/div>\n\t\t\t\t<\/div>\n\t\t\t\t<div class=\"elementor-element elementor-element-4e046888 elementor-widget elementor-widget-button\" data-id=\"4e046888\" data-element_type=\"widget\" data-widget_type=\"button.default\">\n\t\t\t\t<div class=\"elementor-widget-container\">\n\t\t\t\t\t<div class=\"elementor-button-wrapper\">\n\t\t\t<a href=\"mailto:info@trigana.si\" target=\"_blank\" class=\"elementor-button-link elementor-button elementor-size-sm\" role=\"button\">\n\t\t\t\t\t\t<span class=\"elementor-button-content-wrapper\">\n\t\t\t\t\t\t<span class=\"elementor-button-text\">Schreiben Sie uns<\/span>\n\t\t<\/span>\n\t\t\t\t\t<\/a>\n\t\t<\/div>\n\t\t\t\t<\/div>\n\t\t\t\t<\/div>\n\t\t\t\t<div class=\"elementor-element elementor-element-26664232 elementor-widget elementor-widget-image\" data-id=\"26664232\" data-element_type=\"widget\" data-widget_type=\"image.default\">\n\t\t\t\t<div class=\"elementor-widget-container\">\n\t\t\t\t\t\t\t\t\t\t\t\t\t\t\t<img width=\"224\" height=\"189\" src=\"https:\/\/trigana.si\/de\/wp-content\/uploads\/2021\/08\/about-dot-curve.jpg\" class=\"attachment-large size-large\" alt=\"\" loading=\"lazy\" srcset=\"https:\/\/trigana.si\/de\/wp-content\/uploads\/2021\/08\/about-dot-curve.jpg 224w, https:\/\/trigana.si\/de\/wp-content\/uploads\/2021\/08\/about-dot-curve-24x20.jpg 24w, https:\/\/trigana.si\/de\/wp-content\/uploads\/2021\/08\/about-dot-curve-36x30.jpg 36w, https:\/\/trigana.si\/de\/wp-content\/uploads\/2021\/08\/about-dot-curve-48x41.jpg 48w\" sizes=\"(max-width: 224px) 100vw, 224px\" \/>\t\t\t\t\t\t\t\t\t\t\t\t\t\t\t<\/div>\n\t\t\t\t<\/div>\n\t\t\t\t\t<\/div>\n\t\t<\/div>\n\t\t\t\t<div class=\"elementor-column elementor-col-50 elementor-inner-column elementor-element elementor-element-278d524\" data-id=\"278d524\" data-element_type=\"column\">\n\t\t\t<div class=\"elementor-widget-wrap elementor-element-populated\">\n\t\t\t\t\t\t\t\t<div class=\"elementor-element elementor-element-7b9ac66 elementor-widget elementor-widget-image\" data-id=\"7b9ac66\" data-element_type=\"widget\" data-widget_type=\"image.default\">\n\t\t\t\t<div class=\"elementor-widget-container\">\n\t\t\t\t\t\t\t\t\t\t\t\t\t\t\t<img width=\"747\" height=\"880\" src=\"https:\/\/trigana.si\/de\/wp-content\/uploads\/2021\/08\/trigana-svet-zemljevid-small-T-9.png\" class=\"attachment-full size-full\" alt=\"\" loading=\"lazy\" srcset=\"https:\/\/trigana.si\/de\/wp-content\/uploads\/2021\/08\/trigana-svet-zemljevid-small-T-9.png 747w, https:\/\/trigana.si\/de\/wp-content\/uploads\/2021\/08\/trigana-svet-zemljevid-small-T-9-255x300.png 255w, https:\/\/trigana.si\/de\/wp-content\/uploads\/2021\/08\/trigana-svet-zemljevid-small-T-9-20x24.png 20w, https:\/\/trigana.si\/de\/wp-content\/uploads\/2021\/08\/trigana-svet-zemljevid-small-T-9-31x36.png 31w, https:\/\/trigana.si\/de\/wp-content\/uploads\/2021\/08\/trigana-svet-zemljevid-small-T-9-41x48.png 41w\" sizes=\"(max-width: 747px) 100vw, 747px\" \/>\t\t\t\t\t\t\t\t\t\t\t\t\t\t\t<\/div>\n\t\t\t\t<\/div>\n\t\t\t\t\t<\/div>\n\t\t<\/div>\n\t\t\t\t\t\t\t<\/div>\n\t\t<\/section>\n\t\t\t\t\t<\/div>\n\t\t<\/div>\n\t\t\t\t\t\t\t<\/div>\n\t\t<\/section>\n\t\t\t\t<section class=\"elementor-section elementor-top-section elementor-element elementor-element-62433ec7 elementor-section-stretched elementor-section-boxed elementor-section-height-default elementor-section-height-default\" data-id=\"62433ec7\" data-element_type=\"section\" data-settings=\"{&quot;stretch_section&quot;:&quot;section-stretched&quot;,&quot;background_background&quot;:&quot;gradient&quot;}\">\n\t\t\t\t\t\t<div class=\"elementor-container elementor-column-gap-no\">\n\t\t\t\t\t<div class=\"elementor-column elementor-col-100 elementor-top-column elementor-element elementor-element-4fb5259f\" data-id=\"4fb5259f\" data-element_type=\"column\">\n\t\t\t<div class=\"elementor-widget-wrap elementor-element-populated\">\n\t\t\t\t\t\t\t\t<section class=\"elementor-section elementor-inner-section elementor-element elementor-element-55c0ecf3 elementor-section-boxed elementor-section-height-default elementor-section-height-default\" data-id=\"55c0ecf3\" data-element_type=\"section\" data-settings=\"{&quot;background_background&quot;:&quot;gradient&quot;}\">\n\t\t\t\t\t\t<div class=\"elementor-container elementor-column-gap-no\">\n\t\t\t\t\t<div class=\"elementor-column elementor-col-50 elementor-inner-column elementor-element elementor-element-241b02f4\" data-id=\"241b02f4\" data-element_type=\"column\">\n\t\t\t<div class=\"elementor-widget-wrap elementor-element-populated\">\n\t\t\t\t\t\t\t\t<div class=\"elementor-element elementor-element-5aa915d0 gyan-title-st-line-after elementor-widget elementor-widget-gyan_title\" data-id=\"5aa915d0\" data-element_type=\"widget\" data-widget_type=\"gyan_title.default\">\n\t\t\t\t<div class=\"elementor-widget-container\">\n\t\t\t\t\t<div class=\"gyan-title\">\r\n\t\t\t<div class=\"gyan-title-subtitle\"><span>WER SIND WIR<\/span><\/div><h2 class=\"gyan-title-heading\">Unsere Mannschaft<\/h2>\t\t<\/div>\r\n\t\t\t\t<\/div>\n\t\t\t\t<\/div>\n\t\t\t\t\t<\/div>\n\t\t<\/div>\n\t\t\t\t<div class=\"elementor-column elementor-col-50 elementor-inner-column elementor-element elementor-element-256c782c\" data-id=\"256c782c\" data-element_type=\"column\">\n\t\t\t<div class=\"elementor-widget-wrap elementor-element-populated\">\n\t\t\t\t\t\t\t\t<div class=\"elementor-element elementor-element-1db59a73 elementor-widget elementor-widget-text-editor\" data-id=\"1db59a73\" data-element_type=\"widget\" data-widget_type=\"text-editor.default\">\n\t\t\t\t<div class=\"elementor-widget-container\">\n\t\t\t\t\t\t\t\t\t\t\t\t\t\t<\/div>\n\t\t\t\t<\/div>\n\t\t\t\t\t<\/div>\n\t\t<\/div>\n\t\t\t\t\t\t\t<\/div>\n\t\t<\/section>\n\t\t\t\t<div class=\"elementor-element elementor-element-7fbaf69c elementor-grid-4 elementor-grid-tablet-2 elementor-grid-mobile-1 elementor-widget elementor-widget-gyan_team\" data-id=\"7fbaf69c\" data-element_type=\"widget\" data-settings=\"{&quot;columns&quot;:&quot;4&quot;,&quot;columns_tablet&quot;:&quot;2&quot;,&quot;columns_mobile&quot;:&quot;1&quot;}\" data-widget_type=\"gyan_team.default\">\n\t\t\t\t<div class=\"elementor-widget-container\">\n\t\t\t\r\n         <div class=\"gyan-team gyan-team-7fbaf69c\" data-layout=\"grid\" data-rtl=\"false\">\r\n            <div class=\"gyan-team-grid gyan-elementor-grid\">\r\n\r\n            \r\n        \t\t<div class=\"gyan-team-item gyan-grid-item-wrap\">\r\n                    <div class=\"gyan-team-item-inner gyan-grid-item\">\r\n\r\n            \t\t\t<div class=\"gyan-team-image\">\r\n            \t\t\t\t<img width=\"707\" height=\"833\" src=\"https:\/\/trigana.si\/de\/wp-content\/uploads\/2021\/08\/Uros-cernuta.jpg\" class=\"attachment-full size-full\" alt=\"\" loading=\"lazy\" srcset=\"https:\/\/trigana.si\/de\/wp-content\/uploads\/2021\/08\/Uros-cernuta.jpg 707w, https:\/\/trigana.si\/de\/wp-content\/uploads\/2021\/08\/Uros-cernuta-255x300.jpg 255w, https:\/\/trigana.si\/de\/wp-content\/uploads\/2021\/08\/Uros-cernuta-20x24.jpg 20w, https:\/\/trigana.si\/de\/wp-content\/uploads\/2021\/08\/Uros-cernuta-31x36.jpg 31w, https:\/\/trigana.si\/de\/wp-content\/uploads\/2021\/08\/Uros-cernuta-41x48.jpg 41w\" sizes=\"(max-width: 707px) 100vw, 707px\" \/>                        <\/div>\r\n\r\n                        \r\n                        <div class=\"gyan-team-content gyan-ease-transition\">\r\n            \t\t\t\t<div class=\"gyan-team-name\"><h6  class=\"gyan-team-name-tag\">Uro\u0161 \u010cernuta <\/h6><\/div>\r\n            \t\t\t\t<div class=\"gyan-team-position\">CEO<\/br> <a href=\"mailto:uros.cernuta@trigana.si\" target=\"_blank\">uros.cernuta@trigana.si <\/a><br>00 386 (0)41 365 874<\/br><i class=\"fas fa-linked\"><\/i><i class=\"fab fa-linkedin-in\"><\/i>: <a href = \"https:\/\/www.linkedin.com\/in\/uros-cernuta-45928330\/\" target=\"_blank\">Uro\u0161 \u010cernuta<\/a><\/div>\r\n            \t\t\t<\/div>\r\n        \t\t  <\/div>\r\n                <\/div>\r\n\r\n            \r\n        \t\t<div class=\"gyan-team-item gyan-grid-item-wrap\">\r\n                    <div class=\"gyan-team-item-inner gyan-grid-item\">\r\n\r\n            \t\t\t<div class=\"gyan-team-image\">\r\n            \t\t\t\t<img width=\"707\" height=\"833\" src=\"https:\/\/trigana.si\/de\/wp-content\/uploads\/2021\/08\/matej-hribar.jpg\" class=\"attachment-full size-full\" alt=\"\" loading=\"lazy\" srcset=\"https:\/\/trigana.si\/de\/wp-content\/uploads\/2021\/08\/matej-hribar.jpg 707w, https:\/\/trigana.si\/de\/wp-content\/uploads\/2021\/08\/matej-hribar-255x300.jpg 255w, https:\/\/trigana.si\/de\/wp-content\/uploads\/2021\/08\/matej-hribar-20x24.jpg 20w, https:\/\/trigana.si\/de\/wp-content\/uploads\/2021\/08\/matej-hribar-31x36.jpg 31w, https:\/\/trigana.si\/de\/wp-content\/uploads\/2021\/08\/matej-hribar-41x48.jpg 41w\" sizes=\"(max-width: 707px) 100vw, 707px\" \/>                        <\/div>\r\n\r\n                        \r\n                        <div class=\"gyan-team-content gyan-ease-transition\">\r\n            \t\t\t\t<div class=\"gyan-team-name\"><h6  class=\"gyan-team-name-tag\">Matej Hribar<\/h6><\/div>\r\n            \t\t\t\t<div class=\"gyan-team-position\">CEO <\/br><a href=\"mailto:matej.hribar@trigana.si\" target=\"_blank\">matej.hribar@trigana.si <\/a><br>00 386 (0)40 237 267<\/br><i class=\"fas fa-linked\"><\/i><i class=\"fab fa-linkedin-in\"><\/i>: <a href = \"https:\/\/www.linkedin.com\/in\/matejhribar\/\" target=\"_blank\">Matej Hribar<\/a><\/div>\r\n            \t\t\t<\/div>\r\n        \t\t  <\/div>\r\n                <\/div>\r\n\r\n            \r\n        \t\t<div class=\"gyan-team-item gyan-grid-item-wrap\">\r\n                    <div class=\"gyan-team-item-inner gyan-grid-item\">\r\n\r\n            \t\t\t<div class=\"gyan-team-image\">\r\n            \t\t\t\t<img width=\"707\" height=\"833\" src=\"https:\/\/trigana.si\/de\/wp-content\/uploads\/2021\/08\/Vanja-Maurer.jpg\" class=\"attachment-full size-full\" alt=\"\" loading=\"lazy\" srcset=\"https:\/\/trigana.si\/de\/wp-content\/uploads\/2021\/08\/Vanja-Maurer.jpg 707w, https:\/\/trigana.si\/de\/wp-content\/uploads\/2021\/08\/Vanja-Maurer-255x300.jpg 255w, https:\/\/trigana.si\/de\/wp-content\/uploads\/2021\/08\/Vanja-Maurer-20x24.jpg 20w, https:\/\/trigana.si\/de\/wp-content\/uploads\/2021\/08\/Vanja-Maurer-31x36.jpg 31w, https:\/\/trigana.si\/de\/wp-content\/uploads\/2021\/08\/Vanja-Maurer-41x48.jpg 41w\" sizes=\"(max-width: 707px) 100vw, 707px\" \/>                        <\/div>\r\n\r\n                        \r\n                        <div class=\"gyan-team-content gyan-ease-transition\">\r\n            \t\t\t\t<div class=\"gyan-team-name\"><h6  class=\"gyan-team-name-tag\">Vanja Maurer<\/h6><\/div>\r\n            \t\t\t\t<div class=\"gyan-team-position\">Environmental Compliance Manager <a href=\"mailto:vanja.maurer@trigana.si\" target=\"_blank\">vanja.maurer@trigana.si <\/a><br>00 386 (0)31 218 655<\/br><i class=\"fas fa-linked\"><\/i><i class=\"fab fa-linkedin-in\"><\/i>: <a href = \"https:\/\/www.linkedin.com\/in\/vanja-maurer-81167316b\/\" target=\"_blank\">Vanja Maurer<\/a><\/div>\r\n            \t\t\t<\/div>\r\n        \t\t  <\/div>\r\n                <\/div>\r\n\r\n            \r\n        \t\t<div class=\"gyan-team-item gyan-grid-item-wrap\">\r\n                    <div class=\"gyan-team-item-inner gyan-grid-item\">\r\n\r\n            \t\t\t<div class=\"gyan-team-image\">\r\n            \t\t\t\t<img width=\"707\" height=\"833\" src=\"https:\/\/trigana.si\/de\/wp-content\/uploads\/2021\/08\/Helena-Hribar.jpg\" class=\"attachment-full size-full\" alt=\"\" loading=\"lazy\" srcset=\"https:\/\/trigana.si\/de\/wp-content\/uploads\/2021\/08\/Helena-Hribar.jpg 707w, https:\/\/trigana.si\/de\/wp-content\/uploads\/2021\/08\/Helena-Hribar-255x300.jpg 255w, https:\/\/trigana.si\/de\/wp-content\/uploads\/2021\/08\/Helena-Hribar-20x24.jpg 20w, https:\/\/trigana.si\/de\/wp-content\/uploads\/2021\/08\/Helena-Hribar-31x36.jpg 31w, https:\/\/trigana.si\/de\/wp-content\/uploads\/2021\/08\/Helena-Hribar-41x48.jpg 41w\" sizes=\"(max-width: 707px) 100vw, 707px\" \/>                        <\/div>\r\n\r\n                        \r\n                        <div class=\"gyan-team-content gyan-ease-transition\">\r\n            \t\t\t\t<div class=\"gyan-team-name\"><h6  class=\"gyan-team-name-tag\">Helena Mati\u0107 Hribar<\/h6><\/div>\r\n            \t\t\t\t<div class=\"gyan-team-position\">Supply Chain Manager <a href=\"mailto:helena.matic@trigana.si\" target=\"_blank\">helena.matic@trigana.si <\/a><br>00 386 (0)41 753 396<\/br><i class=\"fas fa-linked\"><\/i><i class=\"fab fa-linkedin-in\"><\/i>: <a href = \"https:\/\/www.linkedin.com\/in\/helena-mati%C4%8D-bb208395\/\" target=\"_blank\">Helena Hribar Mati\u010d<\/a><\/div>\r\n            \t\t\t<\/div>\r\n        \t\t  <\/div>\r\n                <\/div>\r\n\r\n                        <div class=\"clear\"><\/div>\r\n            <\/div>\r\n        <\/div>\r\n        <div class=\"clear\"><\/div>\r\n\r\n\t\t\t\t<\/div>\n\t\t\t\t<\/div>\n\t\t\t\t\t<\/div>\n\t\t<\/div>\n\t\t\t\t\t\t\t<\/div>\n\t\t<\/section>\n\t\t\t\t\t\t<\/div>\n\t\t\t\t\t<\/div>\n\t\t","protected":false},"excerpt":{"rendered":"<p>Unternehmen Ihre Verantwortung, unser Anliegen. Das Unternehmen Trigana zeichnet sich durch langj\u00e4hrige Erfahrung in der Kenntnis der Umweltvorschriften, der Entwicklung von Konzepten f\u00fcr die Sammlung und Verarbeitung verschiedener Arten von Abf\u00e4llen und der Umsetzung der Verpflichtungen einer erweiterten Herstellerverantwortung aus. Eine Mannschaft. Viel Wissen. Zusammen mit externen Mitarbeitern stellen wir [&hellip;]<\/p>\n","protected":false},"author":1,"featured_media":0,"parent":0,"menu_order":0,"comment_status":"closed","ping_status":"closed","template":"elementor_header_footer","meta":[],"_links":{"self":[{"href":"https:\/\/trigana.si\/de\/wp-json\/wp\/v2\/pages\/2789"}],"collection":[{"href":"https:\/\/trigana.si\/de\/wp-json\/wp\/v2\/pages"}],"about":[{"href":"https:\/\/trigana.si\/de\/wp-json\/wp\/v2\/types\/page"}],"author":[{"embeddable":true,"href":"https:\/\/trigana.si\/de\/wp-json\/wp\/v2\/users\/1"}],"replies":[{"embeddable":true,"href":"https:\/\/trigana.si\/de\/wp-json\/wp\/v2\/comments?post=2789"}],"version-history":[{"count":18,"href":"https:\/\/trigana.si\/de\/wp-json\/wp\/v2\/pages\/2789\/revisions"}],"predecessor-version":[{"id":3604,"href":"https:\/\/trigana.si\/de\/wp-json\/wp\/v2\/pages\/2789\/revisions\/3604"}],"wp:attachment":[{"href":"https:\/\/trigana.si\/de\/wp-json\/wp\/v2\/media?parent=2789"}],"curies":[{"name":"wp","href":"https:\/\/api.w.org\/{rel}","templated":true}]}}