{"id":2064,"date":"2020-11-29T19:26:22","date_gmt":"2020-11-29T19:26:22","guid":{"rendered":"https:\/\/trigana.si\/de\/svetovalne-storitve-in-izdelava-studij\/"},"modified":"2021-08-25T15:01:35","modified_gmt":"2021-08-25T15:01:35","slug":"svetovalne-storitve-in-izdelava-studij","status":"publish","type":"page","link":"https:\/\/trigana.si\/de\/svetovalne-storitve-in-izdelava-studij\/","title":{"rendered":"Beratungsdienste und Durchf\u00fchrung von Studien"},"content":{"rendered":"\t\t<div data-elementor-type=\"wp-page\" data-elementor-id=\"2064\" class=\"elementor elementor-2064\" data-elementor-settings=\"[]\">\n\t\t\t\t\t\t\t<div class=\"elementor-section-wrap\">\n\t\t\t\t\t\t\t<section class=\"elementor-section elementor-top-section elementor-element elementor-element-7e1b9fe4 elementor-section-boxed elementor-section-height-default elementor-section-height-default\" data-id=\"7e1b9fe4\" data-element_type=\"section\">\n\t\t\t\t\t\t<div class=\"elementor-container elementor-column-gap-default\">\n\t\t\t\t\t<div class=\"elementor-column elementor-col-100 elementor-top-column elementor-element elementor-element-13c1fbe6\" data-id=\"13c1fbe6\" data-element_type=\"column\">\n\t\t\t<div class=\"elementor-widget-wrap elementor-element-populated\">\n\t\t\t\t\t\t\t\t<section class=\"elementor-section elementor-inner-section elementor-element elementor-element-537a8afd elementor-section-boxed elementor-section-height-default elementor-section-height-default\" data-id=\"537a8afd\" data-element_type=\"section\">\n\t\t\t\t\t\t<div class=\"elementor-container elementor-column-gap-default\">\n\t\t\t\t\t<div class=\"elementor-column elementor-col-50 elementor-inner-column elementor-element elementor-element-605127af\" data-id=\"605127af\" data-element_type=\"column\" data-settings=\"{&quot;background_background&quot;:&quot;classic&quot;}\">\n\t\t\t<div class=\"elementor-widget-wrap elementor-element-populated\">\n\t\t\t\t\t\t\t\t<div class=\"elementor-element elementor-element-fb1cc52 elementor-widget elementor-widget-text-editor\" data-id=\"fb1cc52\" data-element_type=\"widget\" data-widget_type=\"text-editor.default\">\n\t\t\t\t<div class=\"elementor-widget-container\">\n\t\t\t\t\t\t\t\t<h5><span style=\"color: #ffffff;\"><strong>Ihre Verantwortung<\/strong><\/span><\/h5><p>Die Abfallwirtschaft erfordert viel Fachwissen und Zeit. Unternehmen ben\u00f6tigen Zugang zu Informationen, mit denen sie die \u00dcbereinstimmung mit den Umweltvorschriften in Slowenien, der EU und in der westlichen Balkanregion gew\u00e4hrleisten k\u00f6nnen.<\/p>\t\t\t\t\t\t<\/div>\n\t\t\t\t<\/div>\n\t\t\t\t\t<\/div>\n\t\t<\/div>\n\t\t\t\t<div class=\"elementor-column elementor-col-50 elementor-inner-column elementor-element elementor-element-72daff24\" data-id=\"72daff24\" data-element_type=\"column\" data-settings=\"{&quot;background_background&quot;:&quot;classic&quot;}\">\n\t\t\t<div class=\"elementor-widget-wrap elementor-element-populated\">\n\t\t\t\t\t\t\t\t<div class=\"elementor-element elementor-element-292d0066 elementor-widget elementor-widget-text-editor\" data-id=\"292d0066\" data-element_type=\"widget\" data-widget_type=\"text-editor.default\">\n\t\t\t\t<div class=\"elementor-widget-container\">\n\t\t\t\t\t\t\t\t<h5><strong>Unser Anliegen<\/strong><\/h5><ul><li>F\u00fcr Sie erstellen wir:<ul><li><p>einen Jahresbericht \u00fcber Abfallwirtschaft,<\/p><\/li><li><p>einen Jahresbericht \u00fcber anfallende Verpackungsabf\u00e4lle,<\/p><\/li><li><p>einen Abfallbewirtschaftungsplan.<\/p><\/li><\/ul><\/li><li>Vernichtung der Archivunterlagen.<\/li><li>Vorbereitung von Sensibilisierungskampagnen.<\/li><li>Durchf\u00fchrung von Expertenstudien.<\/li><\/ul>\t\t\t\t\t\t<\/div>\n\t\t\t\t<\/div>\n\t\t\t\t\t<\/div>\n\t\t<\/div>\n\t\t\t\t\t\t\t<\/div>\n\t\t<\/section>\n\t\t\t\t\t<\/div>\n\t\t<\/div>\n\t\t\t\t\t\t\t<\/div>\n\t\t<\/section>\n\t\t\t\t<section class=\"elementor-section elementor-top-section elementor-element elementor-element-430b0ee elementor-section-boxed elementor-section-height-default elementor-section-height-default\" data-id=\"430b0ee\" data-element_type=\"section\">\n\t\t\t\t\t\t<div class=\"elementor-container elementor-column-gap-default\">\n\t\t\t\t\t<div class=\"elementor-column elementor-col-100 elementor-top-column elementor-element elementor-element-8bfcb4a\" data-id=\"8bfcb4a\" data-element_type=\"column\">\n\t\t\t<div class=\"elementor-widget-wrap elementor-element-populated\">\n\t\t\t\t\t\t\t\t<div class=\"elementor-element elementor-element-aa8b5ec elementor-widget elementor-widget-heading\" data-id=\"aa8b5ec\" data-element_type=\"widget\" data-widget_type=\"heading.default\">\n\t\t\t\t<div class=\"elementor-widget-container\">\n\t\t\t<h2 class=\"elementor-heading-title elementor-size-default\">Eine ganzheitliche L\u00f6sung - in drei einfachen Schritten!<\/h2>\t\t<\/div>\n\t\t\t\t<\/div>\n\t\t\t\t\t<\/div>\n\t\t<\/div>\n\t\t\t\t\t\t\t<\/div>\n\t\t<\/section>\n\t\t\t\t<section class=\"elementor-section elementor-top-section elementor-element elementor-element-8fcc151 elementor-section-boxed elementor-section-height-default elementor-section-height-default\" data-id=\"8fcc151\" data-element_type=\"section\">\n\t\t\t\t\t\t<div class=\"elementor-container elementor-column-gap-default\">\n\t\t\t\t\t<div class=\"elementor-column elementor-col-100 elementor-top-column elementor-element elementor-element-3672f1f\" data-id=\"3672f1f\" data-element_type=\"column\">\n\t\t\t<div class=\"elementor-widget-wrap elementor-element-populated\">\n\t\t\t\t\t\t\t\t<div class=\"elementor-element elementor-element-4078a06 gyan-service-list-icon-top gyan-service-list-icon-horizontal-center gyan-service-list-stack-mobile elementor-widget elementor-widget-gyan_service_list\" data-id=\"4078a06\" data-element_type=\"widget\" data-widget_type=\"gyan_service_list.default\">\n\t\t\t\t<div class=\"elementor-widget-container\">\n\t\t\t        <div class=\"gyan-service-list-container gyan-service-list-connector gyan-service-list-corners-hide\">\n            <ul class=\"gyan-list-items\">\n                                                            <li class=\"gyan-service-list-item\">\n                            <div class=\"gyan-service-list-item-inner elementor-repeater-item-2cf2d5b\">\n                                                                <div class=\"gyan-servicelist-icon-outer\">\n                                        <div class=\"gyan-servicelist-icon-wrapper gyan-ease-transition\">\n\n                                            <span class=\"gyan-service-list-image\"><img width=\"60\" height=\"60\" src=\"https:\/\/trigana.si\/de\/wp-content\/uploads\/2020\/02\/icon-process.png\" class=\"attachment-full size-full\" alt=\"icon-process\" loading=\"lazy\" \/><\/span>                                        <\/div>\n                                    <\/div>\n\n                                                                <div class=\"gyan-servicelist-content-wrapper\">\n                                                                <h3 class=\"gyan-service-list-title\">\n                                                                            <span>01.<\/span>Beratung                                                                    <\/h3>\n                                <div class=\"gyan-service-list-description\">Kontaktieren Sie uns oder rufen Sie uns an und vereinbaren Sie einen Termin.<\/div>                                                                                            <\/div>\n                            <\/div>\n                        <\/li>\n                                                                                <li class=\"gyan-service-list-item\">\n                            <div class=\"gyan-service-list-item-inner elementor-repeater-item-c935627\">\n                                                                <div class=\"gyan-servicelist-icon-outer\">\n                                        <div class=\"gyan-servicelist-icon-wrapper gyan-ease-transition\">\n\n                                            <span class=\"gyan-service-list-image\"><img width=\"52\" height=\"52\" src=\"https:\/\/trigana.si\/de\/wp-content\/uploads\/2020\/02\/icon-artist5.png\" class=\"attachment-full size-full\" alt=\"icon-artist5\" loading=\"lazy\" \/><\/span>                                        <\/div>\n                                    <\/div>\n\n                                                                <div class=\"gyan-servicelist-content-wrapper\">\n                                                                <h3 class=\"gyan-service-list-title\">\n                                                                            <span>02.<\/span>Plan                                                                    <\/h3>\n                                <div class=\"gyan-service-list-description\">Wir analysieren Ihre Bed\u00fcrfnisse und Verpflichtungen und schlagen optimale L\u00f6sungen vor.<\/div>                                                                                            <\/div>\n                            <\/div>\n                        <\/li>\n                                                                                <li class=\"gyan-service-list-item\">\n                            <div class=\"gyan-service-list-item-inner elementor-repeater-item-b0af6ca\">\n                                                                <div class=\"gyan-servicelist-icon-outer\">\n                                        <div class=\"gyan-servicelist-icon-wrapper gyan-ease-transition\">\n\n                                            <span class=\"gyan-service-list-image\"><img width=\"50\" height=\"50\" src=\"https:\/\/trigana.si\/de\/wp-content\/uploads\/2021\/05\/delavci.png\" class=\"attachment-full size-full\" alt=\"delavci\" loading=\"lazy\" \/><\/span>                                        <\/div>\n                                    <\/div>\n\n                                                                <div class=\"gyan-servicelist-content-wrapper\">\n                                                                <h3 class=\"gyan-service-list-title\">\n                                                                            <span>03.<\/span>Ausf\u00fchrung                                                                    <\/h3>\n                                <div class=\"gyan-service-list-description\">Wir gew\u00e4hrleisten die Einhaltung von Rechtsvorschriften und eine finanziell effiziente Umsetzung. Sie sparen Zeit und Sorgen.<\/div>                                                                                            <\/div>\n                            <\/div>\n                        <\/li>\n                                                <\/ul>\n        <\/div>\n        \t\t<\/div>\n\t\t\t\t<\/div>\n\t\t\t\t<div class=\"elementor-element elementor-element-5a9d1fc elementor-align-center elementor-widget elementor-widget-button\" data-id=\"5a9d1fc\" data-element_type=\"widget\" data-widget_type=\"button.default\">\n\t\t\t\t<div class=\"elementor-widget-container\">\n\t\t\t\t\t<div class=\"elementor-button-wrapper\">\n\t\t\t<a href=\"mailto:info@trigana.si\" target=\"_blank\" class=\"elementor-button-link elementor-button elementor-size-sm\" role=\"button\">\n\t\t\t\t\t\t<span class=\"elementor-button-content-wrapper\">\n\t\t\t\t\t\t<span class=\"elementor-button-text\">Schreiben Sie uns<\/span>\n\t\t<\/span>\n\t\t\t\t\t<\/a>\n\t\t<\/div>\n\t\t\t\t<\/div>\n\t\t\t\t<\/div>\n\t\t\t\t\t<\/div>\n\t\t<\/div>\n\t\t\t\t\t\t\t<\/div>\n\t\t<\/section>\n\t\t\t\t\t\t<\/div>\n\t\t\t\t\t<\/div>\n\t\t","protected":false},"excerpt":{"rendered":"<p>Ihre Verantwortung Die Abfallwirtschaft erfordert viel Fachwissen und Zeit. Unternehmen ben\u00f6tigen Zugang zu Informationen, mit denen sie die \u00dcbereinstimmung mit den Umweltvorschriften in Slowenien, der EU und in der westlichen Balkanregion gew\u00e4hrleisten k\u00f6nnen. Unser Anliegen F\u00fcr Sie erstellen wir: einen Jahresbericht \u00fcber Abfallwirtschaft, einen Jahresbericht \u00fcber anfallende Verpackungsabf\u00e4lle, einen Abfallbewirtschaftungsplan. [&hellip;]<\/p>\n","protected":false},"author":1,"featured_media":0,"parent":0,"menu_order":0,"comment_status":"closed","ping_status":"closed","template":"","meta":[],"_links":{"self":[{"href":"https:\/\/trigana.si\/de\/wp-json\/wp\/v2\/pages\/2064"}],"collection":[{"href":"https:\/\/trigana.si\/de\/wp-json\/wp\/v2\/pages"}],"about":[{"href":"https:\/\/trigana.si\/de\/wp-json\/wp\/v2\/types\/page"}],"author":[{"embeddable":true,"href":"https:\/\/trigana.si\/de\/wp-json\/wp\/v2\/users\/1"}],"replies":[{"embeddable":true,"href":"https:\/\/trigana.si\/de\/wp-json\/wp\/v2\/comments?post=2064"}],"version-history":[{"count":23,"href":"https:\/\/trigana.si\/de\/wp-json\/wp\/v2\/pages\/2064\/revisions"}],"predecessor-version":[{"id":3629,"href":"https:\/\/trigana.si\/de\/wp-json\/wp\/v2\/pages\/2064\/revisions\/3629"}],"wp:attachment":[{"href":"https:\/\/trigana.si\/de\/wp-json\/wp\/v2\/media?parent=2064"}],"curies":[{"name":"wp","href":"https:\/\/api.w.org\/{rel}","templated":true}]}}