{"id":2054,"date":"2020-11-29T19:19:15","date_gmt":"2020-11-29T19:19:15","guid":{"rendered":"https:\/\/trigana.si\/de\/reciklaza-ali-odstranjevanje-industrijskih-odpadkov\/"},"modified":"2021-08-25T15:01:20","modified_gmt":"2021-08-25T15:01:20","slug":"reciklaza-ali-odstranjevanje-industrijskih-odpadkov","status":"publish","type":"page","link":"https:\/\/trigana.si\/de\/reciklaza-ali-odstranjevanje-industrijskih-odpadkov\/","title":{"rendered":"Recycling oder Entsorgung von Industrieabf\u00e4llen"},"content":{"rendered":"\t\t<div data-elementor-type=\"wp-page\" data-elementor-id=\"2054\" class=\"elementor elementor-2054\" data-elementor-settings=\"[]\">\n\t\t\t\t\t\t\t<div class=\"elementor-section-wrap\">\n\t\t\t\t\t\t\t<section class=\"elementor-section elementor-top-section elementor-element elementor-element-22033d3c elementor-section-boxed elementor-section-height-default elementor-section-height-default\" data-id=\"22033d3c\" data-element_type=\"section\">\n\t\t\t\t\t\t<div class=\"elementor-container elementor-column-gap-default\">\n\t\t\t\t\t<div class=\"elementor-column elementor-col-100 elementor-top-column elementor-element elementor-element-59570caa\" data-id=\"59570caa\" data-element_type=\"column\">\n\t\t\t<div class=\"elementor-widget-wrap elementor-element-populated\">\n\t\t\t\t\t\t\t\t<section class=\"elementor-section elementor-inner-section elementor-element elementor-element-40a91485 elementor-section-boxed elementor-section-height-default elementor-section-height-default\" data-id=\"40a91485\" data-element_type=\"section\">\n\t\t\t\t\t\t<div class=\"elementor-container elementor-column-gap-default\">\n\t\t\t\t\t<div class=\"elementor-column elementor-col-50 elementor-inner-column elementor-element elementor-element-34d9b3ef\" data-id=\"34d9b3ef\" data-element_type=\"column\" data-settings=\"{&quot;background_background&quot;:&quot;classic&quot;}\">\n\t\t\t<div class=\"elementor-widget-wrap elementor-element-populated\">\n\t\t\t\t\t\t\t\t<div class=\"elementor-element elementor-element-146b3b43 elementor-widget elementor-widget-text-editor\" data-id=\"146b3b43\" data-element_type=\"widget\" data-widget_type=\"text-editor.default\">\n\t\t\t\t<div class=\"elementor-widget-container\">\n\t\t\t\t\t\t\t\t<h5><span style=\"color: #ffffff;\"><strong>Ihre Verantwortung<\/strong><\/span><\/h5><p>Produktions- und Handelsunternehmen ben\u00f6tigen zuverl\u00e4ssige und kosteng\u00fcnstige L\u00f6sungen f\u00fcr die Sammlung\/\u00dcbernahme, das Recycling oder die Entsorgung von Abf\u00e4llen.<\/p>\t\t\t\t\t\t<\/div>\n\t\t\t\t<\/div>\n\t\t\t\t\t<\/div>\n\t\t<\/div>\n\t\t\t\t<div class=\"elementor-column elementor-col-50 elementor-inner-column elementor-element elementor-element-2b67b8de\" data-id=\"2b67b8de\" data-element_type=\"column\" data-settings=\"{&quot;background_background&quot;:&quot;classic&quot;}\">\n\t\t\t<div class=\"elementor-widget-wrap elementor-element-populated\">\n\t\t\t\t\t\t\t\t<div class=\"elementor-element elementor-element-307eb0d5 elementor-widget elementor-widget-text-editor\" data-id=\"307eb0d5\" data-element_type=\"widget\" data-widget_type=\"text-editor.default\">\n\t\t\t\t<div class=\"elementor-widget-container\">\n\t\t\t\t\t\t\t\t<h5><strong>Unser Anliegen<\/strong><\/h5><ul><li>In Zusammenarbeit mit vielen Partnern in Slowenien und im Ausland erhalten wir entsprechende Exportgenehmigungen, organisieren den Transport und eine umweltfreundliche Abfallverarbeitung.<\/li><li>Wir erstellen unsere eigenen Export-Notifizierungen und holen Einwilligungen ein.<\/li><li>Wir vereinbaren ein Vertragsverh\u00e4ltnis mit Abfallverarbeitern und Verbrennungsanlagen ohne Vermittler.<\/li><li>Ganzheitliche Dienstleistungen &#8211; von der Abfall\u00fcbernahme bis zur Zustellung der Unterlagen.<\/li><\/ul>\t\t\t\t\t\t<\/div>\n\t\t\t\t<\/div>\n\t\t\t\t\t<\/div>\n\t\t<\/div>\n\t\t\t\t\t\t\t<\/div>\n\t\t<\/section>\n\t\t\t\t\t<\/div>\n\t\t<\/div>\n\t\t\t\t\t\t\t<\/div>\n\t\t<\/section>\n\t\t\t\t<section class=\"elementor-section elementor-top-section elementor-element elementor-element-c9c9868 elementor-section-boxed elementor-section-height-default elementor-section-height-default\" data-id=\"c9c9868\" data-element_type=\"section\">\n\t\t\t\t\t\t<div class=\"elementor-container elementor-column-gap-default\">\n\t\t\t\t\t<div class=\"elementor-column elementor-col-100 elementor-top-column elementor-element elementor-element-3d83bae\" data-id=\"3d83bae\" data-element_type=\"column\">\n\t\t\t<div class=\"elementor-widget-wrap elementor-element-populated\">\n\t\t\t\t\t\t\t\t<div class=\"elementor-element elementor-element-63c16b2 elementor-widget elementor-widget-heading\" data-id=\"63c16b2\" data-element_type=\"widget\" data-widget_type=\"heading.default\">\n\t\t\t\t<div class=\"elementor-widget-container\">\n\t\t\t<h2 class=\"elementor-heading-title elementor-size-default\">Eine ganzheitliche L\u00f6sung - in drei einfachen Schritten!<\/h2>\t\t<\/div>\n\t\t\t\t<\/div>\n\t\t\t\t\t<\/div>\n\t\t<\/div>\n\t\t\t\t\t\t\t<\/div>\n\t\t<\/section>\n\t\t\t\t<section class=\"elementor-section elementor-top-section elementor-element elementor-element-3bcee77 elementor-section-stretched elementor-section-boxed elementor-section-height-default elementor-section-height-default\" data-id=\"3bcee77\" data-element_type=\"section\" data-settings=\"{&quot;stretch_section&quot;:&quot;section-stretched&quot;}\">\n\t\t\t\t\t\t<div class=\"elementor-container elementor-column-gap-no\">\n\t\t\t\t\t<div class=\"elementor-column elementor-col-100 elementor-top-column elementor-element elementor-element-7c87554\" data-id=\"7c87554\" data-element_type=\"column\">\n\t\t\t<div class=\"elementor-widget-wrap elementor-element-populated\">\n\t\t\t\t\t\t\t\t<div class=\"elementor-element elementor-element-5584c82 gyan-service-list-icon-top gyan-service-list-icon-horizontal-center gyan-service-list-stack-mobile elementor-widget elementor-widget-gyan_service_list\" data-id=\"5584c82\" data-element_type=\"widget\" data-widget_type=\"gyan_service_list.default\">\n\t\t\t\t<div class=\"elementor-widget-container\">\n\t\t\t        <div class=\"gyan-service-list-container gyan-service-list-connector gyan-service-list-corners-hide\">\n            <ul class=\"gyan-list-items\">\n                                                            <li class=\"gyan-service-list-item\">\n                            <div class=\"gyan-service-list-item-inner elementor-repeater-item-2cf2d5b\">\n                                                                <div class=\"gyan-servicelist-icon-outer\">\n                                        <div class=\"gyan-servicelist-icon-wrapper gyan-ease-transition\">\n\n                                            <span class=\"gyan-service-list-image\"><img width=\"60\" height=\"60\" src=\"https:\/\/trigana.si\/de\/wp-content\/uploads\/2020\/02\/icon-process.png\" class=\"attachment-full size-full\" alt=\"icon-process\" loading=\"lazy\" \/><\/span>                                        <\/div>\n                                    <\/div>\n\n                                                                <div class=\"gyan-servicelist-content-wrapper\">\n                                                                <h3 class=\"gyan-service-list-title\">\n                                                                            <span>01.<\/span>Beratung                                                                    <\/h3>\n                                <div class=\"gyan-service-list-description\">Kontaktieren Sie uns oder rufen Sie uns an und vereinbaren Sie einen Termin.<\/div>                                                                                            <\/div>\n                            <\/div>\n                        <\/li>\n                                                                                <li class=\"gyan-service-list-item\">\n                            <div class=\"gyan-service-list-item-inner elementor-repeater-item-c935627\">\n                                                                <div class=\"gyan-servicelist-icon-outer\">\n                                        <div class=\"gyan-servicelist-icon-wrapper gyan-ease-transition\">\n\n                                            <span class=\"gyan-service-list-image\"><img width=\"52\" height=\"52\" src=\"https:\/\/trigana.si\/de\/wp-content\/uploads\/2020\/02\/icon-artist5.png\" class=\"attachment-full size-full\" alt=\"icon-artist5\" loading=\"lazy\" \/><\/span>                                        <\/div>\n                                    <\/div>\n\n                                                                <div class=\"gyan-servicelist-content-wrapper\">\n                                                                <h3 class=\"gyan-service-list-title\">\n                                                                            <span>02.<\/span>Plan                                                                    <\/h3>\n                                <div class=\"gyan-service-list-description\">Wir analysieren Ihre Bed\u00fcrfnisse und Verpflichtungen und schlagen optimale L\u00f6sungen vor.<\/div>                                                                                            <\/div>\n                            <\/div>\n                        <\/li>\n                                                                                <li class=\"gyan-service-list-item\">\n                            <div class=\"gyan-service-list-item-inner elementor-repeater-item-b0af6ca\">\n                                                                <div class=\"gyan-servicelist-icon-outer\">\n                                        <div class=\"gyan-servicelist-icon-wrapper gyan-ease-transition\">\n\n                                            <span class=\"gyan-service-list-image\"><img width=\"50\" height=\"50\" src=\"https:\/\/trigana.si\/de\/wp-content\/uploads\/2021\/05\/delavci.png\" class=\"attachment-full size-full\" alt=\"delavci\" loading=\"lazy\" \/><\/span>                                        <\/div>\n                                    <\/div>\n\n                                                                <div class=\"gyan-servicelist-content-wrapper\">\n                                                                <h3 class=\"gyan-service-list-title\">\n                                                                            <span>03.<\/span>Ausf\u00fchrung                                                                    <\/h3>\n                                <div class=\"gyan-service-list-description\">Wir gew\u00e4hrleisten die Einhaltung von Rechtsvorschriften und eine finanziell effiziente Umsetzung. Sie sparen Zeit und Sorgen.<\/div>                                                                                            <\/div>\n                            <\/div>\n                        <\/li>\n                                                <\/ul>\n        <\/div>\n        \t\t<\/div>\n\t\t\t\t<\/div>\n\t\t\t\t\t<\/div>\n\t\t<\/div>\n\t\t\t\t\t\t\t<\/div>\n\t\t<\/section>\n\t\t\t\t<section class=\"elementor-section elementor-top-section elementor-element elementor-element-33f44e8 elementor-section-boxed elementor-section-height-default elementor-section-height-default\" data-id=\"33f44e8\" data-element_type=\"section\">\n\t\t\t\t\t\t<div class=\"elementor-container elementor-column-gap-default\">\n\t\t\t\t\t<div class=\"elementor-column elementor-col-100 elementor-top-column elementor-element elementor-element-c4ee1ba\" data-id=\"c4ee1ba\" data-element_type=\"column\">\n\t\t\t<div class=\"elementor-widget-wrap elementor-element-populated\">\n\t\t\t\t\t\t\t\t<div class=\"elementor-element elementor-element-82942ae elementor-align-center elementor-widget elementor-widget-button\" data-id=\"82942ae\" data-element_type=\"widget\" data-widget_type=\"button.default\">\n\t\t\t\t<div class=\"elementor-widget-container\">\n\t\t\t\t\t<div class=\"elementor-button-wrapper\">\n\t\t\t<a href=\"mailto:info@trigana.si\" target=\"_blank\" class=\"elementor-button-link elementor-button elementor-size-sm\" role=\"button\">\n\t\t\t\t\t\t<span class=\"elementor-button-content-wrapper\">\n\t\t\t\t\t\t<span class=\"elementor-button-text\">Schreiben Sie uns<\/span>\n\t\t<\/span>\n\t\t\t\t\t<\/a>\n\t\t<\/div>\n\t\t\t\t<\/div>\n\t\t\t\t<\/div>\n\t\t\t\t\t<\/div>\n\t\t<\/div>\n\t\t\t\t\t\t\t<\/div>\n\t\t<\/section>\n\t\t\t\t\t\t<\/div>\n\t\t\t\t\t<\/div>\n\t\t","protected":false},"excerpt":{"rendered":"<p>Ihre Verantwortung Produktions- und Handelsunternehmen ben\u00f6tigen zuverl\u00e4ssige und kosteng\u00fcnstige L\u00f6sungen f\u00fcr die Sammlung\/\u00dcbernahme, das Recycling oder die Entsorgung von Abf\u00e4llen. Unser Anliegen In Zusammenarbeit mit vielen Partnern in Slowenien und im Ausland erhalten wir entsprechende Exportgenehmigungen, organisieren den Transport und eine umweltfreundliche Abfallverarbeitung. Wir erstellen unsere eigenen Export-Notifizierungen und holen [&hellip;]<\/p>\n","protected":false},"author":1,"featured_media":0,"parent":0,"menu_order":0,"comment_status":"closed","ping_status":"closed","template":"","meta":[],"_links":{"self":[{"href":"https:\/\/trigana.si\/de\/wp-json\/wp\/v2\/pages\/2054"}],"collection":[{"href":"https:\/\/trigana.si\/de\/wp-json\/wp\/v2\/pages"}],"about":[{"href":"https:\/\/trigana.si\/de\/wp-json\/wp\/v2\/types\/page"}],"author":[{"embeddable":true,"href":"https:\/\/trigana.si\/de\/wp-json\/wp\/v2\/users\/1"}],"replies":[{"embeddable":true,"href":"https:\/\/trigana.si\/de\/wp-json\/wp\/v2\/comments?post=2054"}],"version-history":[{"count":21,"href":"https:\/\/trigana.si\/de\/wp-json\/wp\/v2\/pages\/2054\/revisions"}],"predecessor-version":[{"id":3626,"href":"https:\/\/trigana.si\/de\/wp-json\/wp\/v2\/pages\/2054\/revisions\/3626"}],"wp:attachment":[{"href":"https:\/\/trigana.si\/de\/wp-json\/wp\/v2\/media?parent=2054"}],"curies":[{"name":"wp","href":"https:\/\/api.w.org\/{rel}","templated":true}]}}