{"id":2041,"date":"2020-11-29T18:23:16","date_gmt":"2020-11-29T18:23:16","guid":{"rendered":"https:\/\/trigana.si\/de\/razsirjena-odgovornost-proizvajalcev-v-drzavah-eu-in-regiji-zahodnega-balkana\/"},"modified":"2021-10-28T18:03:56","modified_gmt":"2021-10-28T18:03:56","slug":"razsirjena-odgovornost-proizvajalcev-v-drzavah-eu-in-regiji-zahodnega-balkana","status":"publish","type":"page","link":"https:\/\/trigana.si\/de\/razsirjena-odgovornost-proizvajalcev-v-drzavah-eu-in-regiji-zahodnega-balkana\/","title":{"rendered":"Erweiterte Herstellerverantwortung in EU-L\u00e4ndern und in der westlichen Balkanregion"},"content":{"rendered":"\t\t<div data-elementor-type=\"wp-page\" data-elementor-id=\"2041\" class=\"elementor elementor-2041\" data-elementor-settings=\"[]\">\n\t\t\t\t\t\t\t<div class=\"elementor-section-wrap\">\n\t\t\t\t\t\t\t<section class=\"elementor-section elementor-top-section elementor-element elementor-element-4de2d159 elementor-section-boxed elementor-section-height-default elementor-section-height-default\" data-id=\"4de2d159\" data-element_type=\"section\">\n\t\t\t\t\t\t<div class=\"elementor-container elementor-column-gap-default\">\n\t\t\t\t\t<div class=\"elementor-column elementor-col-100 elementor-top-column elementor-element elementor-element-4f990f96\" data-id=\"4f990f96\" data-element_type=\"column\">\n\t\t\t<div class=\"elementor-widget-wrap elementor-element-populated\">\n\t\t\t\t\t\t\t\t<section class=\"elementor-section elementor-inner-section elementor-element elementor-element-513a0431 elementor-section-boxed elementor-section-height-default elementor-section-height-default\" data-id=\"513a0431\" data-element_type=\"section\">\n\t\t\t\t\t\t<div class=\"elementor-container elementor-column-gap-default\">\n\t\t\t\t\t<div class=\"elementor-column elementor-col-50 elementor-inner-column elementor-element elementor-element-5c019af7\" data-id=\"5c019af7\" data-element_type=\"column\" data-settings=\"{&quot;background_background&quot;:&quot;classic&quot;}\">\n\t\t\t<div class=\"elementor-widget-wrap elementor-element-populated\">\n\t\t\t\t\t\t\t\t<div class=\"elementor-element elementor-element-33e1cea5 elementor-widget elementor-widget-text-editor\" data-id=\"33e1cea5\" data-element_type=\"widget\" data-widget_type=\"text-editor.default\">\n\t\t\t\t<div class=\"elementor-widget-container\">\n\t\t\t\t\t\t\t\t<h5><span style=\"color: #ffffff;\"><strong>Ihre Verantwortung<\/strong><\/span><\/h5><p>In Kroatien oder anderen L\u00e4ndern des ehemaligen Jugoslawiens registrierte Unternehmen, die elektrische und elektronische Ger\u00e4te, Batterien und Akkumulatoren herstellen, importieren oder erwerben, sind verpflichtet, die Verpflichtungen aus den Richtlinien 2012\/19\/EU und 2006\/66\/EG sowie gesetzlich vorgesehene sektorspezifische Vorschriften umzusetzen.<\/p>\t\t\t\t\t\t<\/div>\n\t\t\t\t<\/div>\n\t\t\t\t\t<\/div>\n\t\t<\/div>\n\t\t\t\t<div class=\"elementor-column elementor-col-50 elementor-inner-column elementor-element elementor-element-105b91d6\" data-id=\"105b91d6\" data-element_type=\"column\" data-settings=\"{&quot;background_background&quot;:&quot;classic&quot;}\">\n\t\t\t<div class=\"elementor-widget-wrap elementor-element-populated\">\n\t\t\t\t\t\t\t\t<div class=\"elementor-element elementor-element-42e1a800 elementor-widget elementor-widget-text-editor\" data-id=\"42e1a800\" data-element_type=\"widget\" data-widget_type=\"text-editor.default\">\n\t\t\t\t<div class=\"elementor-widget-container\">\n\t\t\t\t\t\t\t\t<h5><strong>Unser Anliegen<\/strong><\/h5><ul><li>Wir stellen sicher, dass Exporteure die Umweltvorschriften einhalten, wenn sie eine eigene Niederlassung in anderen L\u00e4ndern haben, wenn sie nur eine registrierte Steuernummer haben oder wenn sie ihre Produkte online verkaufen.<\/li><li>Wir k\u00fcmmern uns um Registrierungen in die Evidenzen \u00f6ffentlicher Beh\u00f6rden (z. B. FOND).<\/li><li>Im Rahmen der erweiterten Herstellerverantwortung k\u00fcmmern wir uns um die monatliche, viertelj\u00e4hrliche, halbj\u00e4hrliche und j\u00e4hrliche Berichterstattung \u00fcber in Verkehr gebrachte Produkte (Verpackungen, elektrische und elektronische Ausstattung, Batterien, Reifen, \u00d6le und Motoren\u00f6le).<\/li><li>Wir beraten bei der Ausstattung von Niederlassungen gem\u00e4\u00df der \u00f6rtlichen Gesetzgebung.<\/li><li>Unsere Niederlassung in Kroatien deckt die gesamte Region des westlichen Balkans ab. Im Bereich der Gesetzgebung in anderen EU-Mitgliedstaaten arbeiten wir mit etablierten strategischen Partnern aus Deutschland und Frankreich zusammen.<\/li><\/ul>\t\t\t\t\t\t<\/div>\n\t\t\t\t<\/div>\n\t\t\t\t\t<\/div>\n\t\t<\/div>\n\t\t\t\t\t\t\t<\/div>\n\t\t<\/section>\n\t\t\t\t\t<\/div>\n\t\t<\/div>\n\t\t\t\t\t\t\t<\/div>\n\t\t<\/section>\n\t\t\t\t<section class=\"elementor-section elementor-top-section elementor-element elementor-element-f2d868a elementor-section-boxed elementor-section-height-default elementor-section-height-default\" data-id=\"f2d868a\" data-element_type=\"section\">\n\t\t\t\t\t\t<div class=\"elementor-container elementor-column-gap-default\">\n\t\t\t\t\t<div class=\"elementor-column elementor-col-100 elementor-top-column elementor-element elementor-element-0dbd704\" data-id=\"0dbd704\" data-element_type=\"column\">\n\t\t\t<div class=\"elementor-widget-wrap elementor-element-populated\">\n\t\t\t\t\t\t\t\t<div class=\"elementor-element elementor-element-6e24492 elementor-widget elementor-widget-heading\" data-id=\"6e24492\" data-element_type=\"widget\" data-widget_type=\"heading.default\">\n\t\t\t\t<div class=\"elementor-widget-container\">\n\t\t\t<h2 class=\"elementor-heading-title elementor-size-default\">Eine ganzheitliche L\u00f6sung - in drei einfachen Schritten!<\/h2>\t\t<\/div>\n\t\t\t\t<\/div>\n\t\t\t\t\t<\/div>\n\t\t<\/div>\n\t\t\t\t\t\t\t<\/div>\n\t\t<\/section>\n\t\t\t\t<section class=\"elementor-section elementor-top-section elementor-element elementor-element-c5b86a2 elementor-section-stretched elementor-section-boxed elementor-section-height-default elementor-section-height-default\" data-id=\"c5b86a2\" data-element_type=\"section\" data-settings=\"{&quot;stretch_section&quot;:&quot;section-stretched&quot;}\">\n\t\t\t\t\t\t<div class=\"elementor-container elementor-column-gap-no\">\n\t\t\t\t\t<div class=\"elementor-column elementor-col-100 elementor-top-column elementor-element elementor-element-93d113d\" data-id=\"93d113d\" data-element_type=\"column\">\n\t\t\t<div class=\"elementor-widget-wrap elementor-element-populated\">\n\t\t\t\t\t\t\t\t<div class=\"elementor-element elementor-element-fe99455 gyan-service-list-icon-top gyan-service-list-icon-horizontal-center gyan-service-list-stack-mobile elementor-widget elementor-widget-gyan_service_list\" data-id=\"fe99455\" data-element_type=\"widget\" data-widget_type=\"gyan_service_list.default\">\n\t\t\t\t<div class=\"elementor-widget-container\">\n\t\t\t        <div class=\"gyan-service-list-container gyan-service-list-connector gyan-service-list-corners-hide\">\n            <ul class=\"gyan-list-items\">\n                                                            <li class=\"gyan-service-list-item\">\n                            <div class=\"gyan-service-list-item-inner elementor-repeater-item-2cf2d5b\">\n                                                                <div class=\"gyan-servicelist-icon-outer\">\n                                        <div class=\"gyan-servicelist-icon-wrapper gyan-ease-transition\">\n\n                                            <span class=\"gyan-service-list-image\"><img width=\"60\" height=\"60\" src=\"https:\/\/trigana.si\/de\/wp-content\/uploads\/2020\/02\/icon-process.png\" class=\"attachment-full size-full\" alt=\"icon-process\" loading=\"lazy\" \/><\/span>                                        <\/div>\n                                    <\/div>\n\n                                                                <div class=\"gyan-servicelist-content-wrapper\">\n                                                                <h3 class=\"gyan-service-list-title\">\n                                                                            <span>01.<\/span>Beratung                                                                    <\/h3>\n                                <div class=\"gyan-service-list-description\">Kontaktieren Sie uns oder rufen Sie uns an und vereinbaren Sie einen Termin.<\/div>                                                                                            <\/div>\n                            <\/div>\n                        <\/li>\n                                                                                <li class=\"gyan-service-list-item\">\n                            <div class=\"gyan-service-list-item-inner elementor-repeater-item-c935627\">\n                                                                <div class=\"gyan-servicelist-icon-outer\">\n                                        <div class=\"gyan-servicelist-icon-wrapper gyan-ease-transition\">\n\n                                            <span class=\"gyan-service-list-image\"><img width=\"52\" height=\"52\" src=\"https:\/\/trigana.si\/de\/wp-content\/uploads\/2020\/02\/icon-artist5.png\" class=\"attachment-full size-full\" alt=\"icon-artist5\" loading=\"lazy\" \/><\/span>                                        <\/div>\n                                    <\/div>\n\n                                                                <div class=\"gyan-servicelist-content-wrapper\">\n                                                                <h3 class=\"gyan-service-list-title\">\n                                                                            <span>02.<\/span>Plan                                                                    <\/h3>\n                                <div class=\"gyan-service-list-description\">Wir analysieren Ihre Bed\u00fcrfnisse und Verpflichtungen und schlagen optimale L\u00f6sungen vor.<\/div>                                                                                            <\/div>\n                            <\/div>\n                        <\/li>\n                                                                                <li class=\"gyan-service-list-item\">\n                            <div class=\"gyan-service-list-item-inner elementor-repeater-item-b0af6ca\">\n                                                                <div class=\"gyan-servicelist-icon-outer\">\n                                        <div class=\"gyan-servicelist-icon-wrapper gyan-ease-transition\">\n\n                                            <span class=\"gyan-service-list-image\"><img width=\"50\" height=\"50\" src=\"https:\/\/trigana.si\/de\/wp-content\/uploads\/2021\/05\/delavci.png\" class=\"attachment-full size-full\" alt=\"delavci\" loading=\"lazy\" \/><\/span>                                        <\/div>\n                                    <\/div>\n\n                                                                <div class=\"gyan-servicelist-content-wrapper\">\n                                                                <h3 class=\"gyan-service-list-title\">\n                                                                            <span>03.<\/span>Ausf\u00fchrung                                                                    <\/h3>\n                                <div class=\"gyan-service-list-description\">Wir gew\u00e4hrleisten die Einhaltung von Rechtsvorschriften und eine finanziell effiziente Umsetzung. Sie sparen Zeit und Sorgen.  <\/div>                                                                                            <\/div>\n                            <\/div>\n                        <\/li>\n                                                <\/ul>\n        <\/div>\n        \t\t<\/div>\n\t\t\t\t<\/div>\n\t\t\t\t\t<\/div>\n\t\t<\/div>\n\t\t\t\t\t\t\t<\/div>\n\t\t<\/section>\n\t\t\t\t<section class=\"elementor-section elementor-top-section elementor-element elementor-element-829c2a2 elementor-section-boxed elementor-section-height-default elementor-section-height-default\" data-id=\"829c2a2\" data-element_type=\"section\">\n\t\t\t\t\t\t<div class=\"elementor-container elementor-column-gap-default\">\n\t\t\t\t\t<div class=\"elementor-column elementor-col-100 elementor-top-column elementor-element elementor-element-9ea7bae\" data-id=\"9ea7bae\" data-element_type=\"column\">\n\t\t\t<div class=\"elementor-widget-wrap elementor-element-populated\">\n\t\t\t\t\t\t\t\t<div class=\"elementor-element elementor-element-4e6196a elementor-align-center elementor-widget elementor-widget-button\" data-id=\"4e6196a\" data-element_type=\"widget\" data-widget_type=\"button.default\">\n\t\t\t\t<div class=\"elementor-widget-container\">\n\t\t\t\t\t<div class=\"elementor-button-wrapper\">\n\t\t\t<a href=\"mailto:info@trigana.si\" target=\"_blank\" class=\"elementor-button-link elementor-button elementor-size-sm\" role=\"button\">\n\t\t\t\t\t\t<span class=\"elementor-button-content-wrapper\">\n\t\t\t\t\t\t<span class=\"elementor-button-text\">Schreiben Sie uns<\/span>\n\t\t<\/span>\n\t\t\t\t\t<\/a>\n\t\t<\/div>\n\t\t\t\t<\/div>\n\t\t\t\t<\/div>\n\t\t\t\t\t<\/div>\n\t\t<\/div>\n\t\t\t\t\t\t\t<\/div>\n\t\t<\/section>\n\t\t\t\t\t\t<\/div>\n\t\t\t\t\t<\/div>\n\t\t","protected":false},"excerpt":{"rendered":"<p>Ihre Verantwortung In Kroatien oder anderen L\u00e4ndern des ehemaligen Jugoslawiens registrierte Unternehmen, die elektrische und elektronische Ger\u00e4te, Batterien und Akkumulatoren herstellen, importieren oder erwerben, sind verpflichtet, die Verpflichtungen aus den Richtlinien 2012\/19\/EU und 2006\/66\/EG sowie gesetzlich vorgesehene sektorspezifische Vorschriften umzusetzen. Unser Anliegen Wir stellen sicher, dass Exporteure die Umweltvorschriften einhalten, [&hellip;]<\/p>\n","protected":false},"author":1,"featured_media":0,"parent":0,"menu_order":0,"comment_status":"closed","ping_status":"closed","template":"","meta":[],"_links":{"self":[{"href":"https:\/\/trigana.si\/de\/wp-json\/wp\/v2\/pages\/2041"}],"collection":[{"href":"https:\/\/trigana.si\/de\/wp-json\/wp\/v2\/pages"}],"about":[{"href":"https:\/\/trigana.si\/de\/wp-json\/wp\/v2\/types\/page"}],"author":[{"embeddable":true,"href":"https:\/\/trigana.si\/de\/wp-json\/wp\/v2\/users\/1"}],"replies":[{"embeddable":true,"href":"https:\/\/trigana.si\/de\/wp-json\/wp\/v2\/comments?post=2041"}],"version-history":[{"count":21,"href":"https:\/\/trigana.si\/de\/wp-json\/wp\/v2\/pages\/2041\/revisions"}],"predecessor-version":[{"id":3643,"href":"https:\/\/trigana.si\/de\/wp-json\/wp\/v2\/pages\/2041\/revisions\/3643"}],"wp:attachment":[{"href":"https:\/\/trigana.si\/de\/wp-json\/wp\/v2\/media?parent=2041"}],"curies":[{"name":"wp","href":"https:\/\/api.w.org\/{rel}","templated":true}]}}